{"id":11,"date":"2020-09-17T20:02:16","date_gmt":"2020-09-17T20:02:16","guid":{"rendered":"http:\/\/www.lemonhr.pl\/en\/?page_id=11"},"modified":"2022-02-02T17:05:25","modified_gmt":"2022-02-02T17:05:25","slug":"job-offers","status":"publish","type":"page","link":"http:\/\/www.lemonhr.pl\/en\/job-offers\/","title":{"rendered":"Job offers"},"content":{"rendered":"\t\t<div data-elementor-type=\"wp-page\" data-elementor-id=\"11\" class=\"elementor elementor-11\" data-elementor-settings=\"[]\">\n\t\t\t\t\t\t<div class=\"elementor-inner\">\n\t\t\t\t\t\t\t<div class=\"elementor-section-wrap\">\n\t\t\t\t\t\t\t<section class=\"elementor-section elementor-top-section elementor-element elementor-element-70fdca61 elementor-section-content-top elementor-section-stretched elementor-section-boxed elementor-section-height-default elementor-section-height-default\" data-id=\"70fdca61\" data-element_type=\"section\" data-settings=\"{&quot;stretch_section&quot;:&quot;section-stretched&quot;,&quot;background_background&quot;:&quot;classic&quot;}\">\n\t\t\t\t\t\t\t<div class=\"elementor-background-overlay\"><\/div>\n\t\t\t\t\t\t\t<div class=\"elementor-container elementor-column-gap-default\">\n\t\t\t\t\t\t\t<div class=\"elementor-row\">\n\t\t\t\t\t<div class=\"elementor-column elementor-col-100 elementor-top-column elementor-element elementor-element-3f7b0ac0\" data-id=\"3f7b0ac0\" data-element_type=\"column\">\n\t\t\t<div class=\"elementor-column-wrap elementor-element-populated\">\n\t\t\t\t\t\t\t<div class=\"elementor-widget-wrap\">\n\t\t\t\t\t\t<div class=\"elementor-element elementor-element-1d955b1 elementor-widget elementor-widget-heading\" data-id=\"1d955b1\" data-element_type=\"widget\" data-widget_type=\"heading.default\">\n\t\t\t\t<div class=\"elementor-widget-container\">\n\t\t\t<h2 class=\"elementor-heading-title elementor-size-default\">Job offers<\/h2>\t\t<\/div>\n\t\t\t\t<\/div>\n\t\t\t\t<div class=\"elementor-element elementor-element-6149aafb elementor-widget elementor-widget-shortcode\" data-id=\"6149aafb\" data-element_type=\"widget\" data-widget_type=\"shortcode.default\">\n\t\t\t\t<div class=\"elementor-widget-container\">\n\t\t\t\t\t<div class=\"elementor-shortcode\">\t<div class=\"awsm-job-wrap\">\n\n\t\t<div class=\"awsm-filter-wrap\"><form action=\"http:\/\/www.lemonhr.pl\/en\/wp-admin\/admin-ajax.php\" method=\"POST\"><div class=\"awsm-filter-item\"><div class=\"awsm-filter-item-search\"><input type=\"text\" name=\"jq\" value=\"\" placeholder=\"Search\" class=\"awsm-job-search awsm-job-form-control\"><span class=\"awsm-job-search-btn awsm-job-search-icon-wrapper\"><i class=\"awsm-job-icon-search\"><\/i><\/span><span class=\"awsm-job-search-close-btn awsm-job-search-icon-wrapper awsm-job-hide\"><i class=\"awsm-job-icon-close-circle\"><\/i><\/span><\/div><\/div><div class=\"awsm-filter-item\" data-filter=\"job__category_spec\"><select name=\"awsm_job_spec[job-category]\" class=\"awsm-filter-option\" id=\"awsm-job-category-filter-option\"><option value=\"\">all in: industry<\/option><option value=\"79\" data-slug=\"marketing\">Marketing<\/option><\/select><\/div><div class=\"awsm-filter-item\" data-filter=\"job__location_spec\"><select name=\"awsm_job_spec[job-location]\" class=\"awsm-filter-option\" id=\"awsm-job-location-filter-option\"><option value=\"\">all in: location<\/option><option value=\"73\" data-slug=\"croatia\">Croatia<\/option><option value=\"80\" data-slug=\"slovenia\">Slovenia<\/option><\/select><\/div><input type=\"hidden\" name=\"action\" value=\"jobfilter\"><\/form><\/div>\n\t\t<div \n\t\tclass=\"awsm-job-listings awsm-lists\" data-listings=\"12\"\t\t>\n\t\t\t<div class=\"awsm-list-item\" id=\"awsm-list-item-2071\">\t\t<div class=\"awsm-job-item\">\n\t\t\t<div class=\"awsm-list-left-col\">\n\t\t\t\t\n\t\t\t\t<h2 class=\"awsm-job-post-title\">\n\t\t\t\t\t<a href=\"http:\/\/www.lemonhr.pl\/en\/jobs\/marketing-officer-fishing-tackle\/\">Marketing Officer Fishing Tackle (Shimano SEE)<\/a>\t\t\t\t<\/h2>\n\n\t\t\t\t\t\t\t<\/div>\n\n\t\t\t<div class=\"awsm-list-right-col\">\n\t\t\t\t<div class=\"awsm-job-specification-wrapper\"><div class=\"awsm-job-specification-item awsm-job-specification-job-category\"><span class=\"awsm-job-specification-term\">Marketing<\/span> <\/div><div class=\"awsm-job-specification-item awsm-job-specification-job-location\"><span class=\"awsm-job-specification-term\">Croatia<\/span> <span class=\"awsm-job-specification-term\">Slovenia<\/span> <\/div><\/div><div class=\"awsm-job-more-container\"><a class=\"awsm-job-more\" href=\"http:\/\/www.lemonhr.pl\/en\/jobs\/marketing-officer-fishing-tackle\/\">More details <span><\/span><\/a><\/div>\t\t\t<\/div>\n\t\t<\/div>\n\t<\/div>\t\t<\/div>\n\n\t<\/div>\n\t<\/div>\n\t\t\t\t<\/div>\n\t\t\t\t<\/div>\n\t\t\t\t\t\t<\/div>\n\t\t\t\t\t<\/div>\n\t\t<\/div>\n\t\t\t\t\t\t\t\t<\/div>\n\t\t\t\t\t<\/div>\n\t\t<\/section>\n\t\t\t\t\t\t<\/div>\n\t\t\t\t\t\t<\/div>\n\t\t\t\t\t<\/div>\n\t\t","protected":false},"excerpt":{"rendered":"<p>Job offers<\/p>\n","protected":false},"author":1,"featured_media":0,"parent":0,"menu_order":0,"comment_status":"closed","ping_status":"closed","template":"elementor_header_footer","meta":[],"yoast_head":"<!-- This site is optimized with the Yoast SEO plugin v15.2.1 - https:\/\/yoast.com\/wordpress\/plugins\/seo\/ -->\n<title>Aktualne oferty pracy - LemonHR<\/title>\n<meta name=\"description\" content=\"Aktualne oferty pracy dla Ciebie. Sprawd\u017a nasze oferty i aplikuj ju\u017c dzi\u015b. Wsp\u00f3\u0142pracujemy z rzetelnymi pracodawcami.\" \/>\n<meta name=\"robots\" content=\"index, follow, max-snippet:-1, max-image-preview:large, max-video-preview:-1\" \/>\n<link rel=\"canonical\" href=\"http:\/\/www.lemonhr.pl\/en\/job-offers\/\" \/>\n<meta property=\"og:locale\" content=\"pl_PL\" \/>\n<meta property=\"og:type\" content=\"article\" \/>\n<meta property=\"og:title\" content=\"Aktualne oferty pracy - LemonHR\" \/>\n<meta property=\"og:description\" content=\"Aktualne oferty pracy dla Ciebie. Sprawd\u017a nasze oferty i aplikuj ju\u017c dzi\u015b. Wsp\u00f3\u0142pracujemy z rzetelnymi pracodawcami.\" \/>\n<meta property=\"og:url\" content=\"http:\/\/www.lemonhr.pl\/en\/job-offers\/\" \/>\n<meta property=\"og:site_name\" content=\"LemonHR\" \/>\n<meta property=\"article:publisher\" content=\"https:\/\/www.facebook.com\/Lemon-HR-109998404236703\" \/>\n<meta property=\"article:modified_time\" content=\"2022-02-02T17:05:25+00:00\" \/>\n<meta name=\"twitter:card\" content=\"summary_large_image\" \/>\n<meta name=\"twitter:label1\" content=\"Written by\">\n\t<meta name=\"twitter:data1\" content=\"admin\">\n\t<meta name=\"twitter:label2\" content=\"Est. reading time\">\n\t<meta name=\"twitter:data2\" content=\"0 minut\">\n<script type=\"application\/ld+json\" class=\"yoast-schema-graph\">{\"@context\":\"https:\/\/schema.org\",\"@graph\":[{\"@type\":\"Organization\",\"@id\":\"http:\/\/www.lemonhr.pl\/en\/#organization\",\"name\":\"LemonHR\",\"url\":\"http:\/\/www.lemonhr.pl\/en\/\",\"sameAs\":[\"https:\/\/www.facebook.com\/Lemon-HR-109998404236703\",\"https:\/\/www.linkedin.com\/company\/lemonhr\/\"],\"logo\":{\"@type\":\"ImageObject\",\"@id\":\"http:\/\/www.lemonhr.pl\/en\/#logo\",\"inLanguage\":\"pl-PL\",\"url\":\"http:\/\/www.lemonhr.pl\/en\/wp-content\/uploads\/2020\/09\/logotyp_lemonHR.png\",\"width\":339,\"height\":374,\"caption\":\"LemonHR\"},\"image\":{\"@id\":\"http:\/\/www.lemonhr.pl\/en\/#logo\"}},{\"@type\":\"WebSite\",\"@id\":\"http:\/\/www.lemonhr.pl\/en\/#website\",\"url\":\"http:\/\/www.lemonhr.pl\/en\/\",\"name\":\"LemonHR | Rekrutacje | Rozw\\u00f3j pracowniczy | Oferty pracy\",\"description\":\"Lemon Human Recources\",\"publisher\":{\"@id\":\"http:\/\/www.lemonhr.pl\/en\/#organization\"},\"potentialAction\":[{\"@type\":\"SearchAction\",\"target\":\"http:\/\/www.lemonhr.pl\/en\/?s={search_term_string}\",\"query-input\":\"required name=search_term_string\"}],\"inLanguage\":\"pl-PL\"},{\"@type\":\"WebPage\",\"@id\":\"http:\/\/www.lemonhr.pl\/en\/job-offers\/#webpage\",\"url\":\"http:\/\/www.lemonhr.pl\/en\/job-offers\/\",\"name\":\"Aktualne oferty pracy - LemonHR\",\"isPartOf\":{\"@id\":\"http:\/\/www.lemonhr.pl\/en\/#website\"},\"datePublished\":\"2020-09-17T20:02:16+00:00\",\"dateModified\":\"2022-02-02T17:05:25+00:00\",\"description\":\"Aktualne oferty pracy dla Ciebie. Sprawd\\u017a nasze oferty i aplikuj ju\\u017c dzi\\u015b. Wsp\\u00f3\\u0142pracujemy z rzetelnymi pracodawcami.\",\"inLanguage\":\"pl-PL\",\"potentialAction\":[{\"@type\":\"ReadAction\",\"target\":[\"http:\/\/www.lemonhr.pl\/en\/job-offers\/\"]}]}]}<\/script>\n<!-- \/ Yoast SEO plugin. -->","_links":{"self":[{"href":"http:\/\/www.lemonhr.pl\/en\/wp-json\/wp\/v2\/pages\/11"}],"collection":[{"href":"http:\/\/www.lemonhr.pl\/en\/wp-json\/wp\/v2\/pages"}],"about":[{"href":"http:\/\/www.lemonhr.pl\/en\/wp-json\/wp\/v2\/types\/page"}],"author":[{"embeddable":true,"href":"http:\/\/www.lemonhr.pl\/en\/wp-json\/wp\/v2\/users\/1"}],"replies":[{"embeddable":true,"href":"http:\/\/www.lemonhr.pl\/en\/wp-json\/wp\/v2\/comments?post=11"}],"version-history":[{"count":31,"href":"http:\/\/www.lemonhr.pl\/en\/wp-json\/wp\/v2\/pages\/11\/revisions"}],"predecessor-version":[{"id":2017,"href":"http:\/\/www.lemonhr.pl\/en\/wp-json\/wp\/v2\/pages\/11\/revisions\/2017"}],"wp:attachment":[{"href":"http:\/\/www.lemonhr.pl\/en\/wp-json\/wp\/v2\/media?parent=11"}],"curies":[{"name":"wp","href":"https:\/\/api.w.org\/{rel}","templated":true}]}}