{"id":1375,"date":"2021-01-28T22:50:56","date_gmt":"2021-01-28T22:50:56","guid":{"rendered":"http:\/\/www.lemonhr.pl\/en\/?page_id=1375"},"modified":"2022-02-02T12:35:08","modified_gmt":"2022-02-02T12:35:08","slug":"about-us","status":"publish","type":"page","link":"http:\/\/www.lemonhr.pl\/en\/about-us\/","title":{"rendered":"O nas"},"content":{"rendered":"\t\t<div data-elementor-type=\"wp-page\" data-elementor-id=\"1375\" class=\"elementor elementor-1375\" data-elementor-settings=\"[]\">\n\t\t\t\t\t\t<div class=\"elementor-inner\">\n\t\t\t\t\t\t\t<div class=\"elementor-section-wrap\">\n\t\t\t\t\t\t\t<section class=\"elementor-section elementor-top-section elementor-element elementor-element-655cf11 elementor-section-boxed elementor-section-height-default elementor-section-height-default\" data-id=\"655cf11\" data-element_type=\"section\">\n\t\t\t\t\t\t<div class=\"elementor-container elementor-column-gap-default\">\n\t\t\t\t\t\t\t<div class=\"elementor-row\">\n\t\t\t\t\t<div class=\"elementor-column elementor-col-100 elementor-top-column elementor-element elementor-element-e8022a3\" data-id=\"e8022a3\" data-element_type=\"column\">\n\t\t\t<div class=\"elementor-column-wrap elementor-element-populated\">\n\t\t\t\t\t\t\t<div class=\"elementor-widget-wrap\">\n\t\t\t\t\t\t<section class=\"elementor-section elementor-inner-section elementor-element elementor-element-0930e74 elementor-section-boxed elementor-section-height-default elementor-section-height-default\" data-id=\"0930e74\" data-element_type=\"section\">\n\t\t\t\t\t\t<div class=\"elementor-container elementor-column-gap-default\">\n\t\t\t\t\t\t\t<div class=\"elementor-row\">\n\t\t\t\t\t<div class=\"elementor-column elementor-col-50 elementor-inner-column elementor-element elementor-element-171f37e\" data-id=\"171f37e\" data-element_type=\"column\">\n\t\t\t<div class=\"elementor-column-wrap\">\n\t\t\t\t\t\t\t<div class=\"elementor-widget-wrap\">\n\t\t\t\t\t\t\t\t<\/div>\n\t\t\t\t\t<\/div>\n\t\t<\/div>\n\t\t\t\t<div class=\"elementor-column elementor-col-50 elementor-inner-column elementor-element elementor-element-b69af62\" data-id=\"b69af62\" data-element_type=\"column\">\n\t\t\t<div class=\"elementor-column-wrap\">\n\t\t\t\t\t\t\t<div class=\"elementor-widget-wrap\">\n\t\t\t\t\t\t\t\t<\/div>\n\t\t\t\t\t<\/div>\n\t\t<\/div>\n\t\t\t\t\t\t\t\t<\/div>\n\t\t\t\t\t<\/div>\n\t\t<\/section>\n\t\t\t\t\t\t<\/div>\n\t\t\t\t\t<\/div>\n\t\t<\/div>\n\t\t\t\t\t\t\t\t<\/div>\n\t\t\t\t\t<\/div>\n\t\t<\/section>\n\t\t\t\t<section class=\"elementor-section elementor-top-section elementor-element elementor-element-89b9969 elementor-section-full_width elementor-section-height-default elementor-section-height-default\" data-id=\"89b9969\" data-element_type=\"section\" data-settings=\"{&quot;background_background&quot;:&quot;classic&quot;}\">\n\t\t\t\t\t\t\t<div class=\"elementor-background-overlay\"><\/div>\n\t\t\t\t\t\t\t<div class=\"elementor-container elementor-column-gap-default\">\n\t\t\t\t\t\t\t<div class=\"elementor-row\">\n\t\t\t\t\t<div class=\"elementor-column elementor-col-100 elementor-top-column elementor-element elementor-element-72da946\" data-id=\"72da946\" data-element_type=\"column\">\n\t\t\t<div class=\"elementor-column-wrap elementor-element-populated\">\n\t\t\t\t\t\t\t<div class=\"elementor-widget-wrap\">\n\t\t\t\t\t\t<section class=\"elementor-section elementor-inner-section elementor-element elementor-element-1934385 elementor-section-boxed elementor-section-height-default elementor-section-height-default\" data-id=\"1934385\" data-element_type=\"section\">\n\t\t\t\t\t\t<div class=\"elementor-container elementor-column-gap-default\">\n\t\t\t\t\t\t\t<div class=\"elementor-row\">\n\t\t\t\t\t<div class=\"elementor-column elementor-col-100 elementor-inner-column elementor-element elementor-element-636e563\" data-id=\"636e563\" data-element_type=\"column\">\n\t\t\t<div class=\"elementor-column-wrap elementor-element-populated\">\n\t\t\t\t\t\t\t<div class=\"elementor-widget-wrap\">\n\t\t\t\t\t\t<div class=\"elementor-element elementor-element-78bd9ab elementor-widget elementor-widget-spacer\" data-id=\"78bd9ab\" data-element_type=\"widget\" data-widget_type=\"spacer.default\">\n\t\t\t\t<div class=\"elementor-widget-container\">\n\t\t\t\t\t<div class=\"elementor-spacer\">\n\t\t\t<div class=\"elementor-spacer-inner\"><\/div>\n\t\t<\/div>\n\t\t\t\t<\/div>\n\t\t\t\t<\/div>\n\t\t\t\t<div class=\"elementor-element elementor-element-1a58b04 elementor-widget elementor-widget-heading\" data-id=\"1a58b04\" data-element_type=\"widget\" data-widget_type=\"heading.default\">\n\t\t\t\t<div class=\"elementor-widget-container\">\n\t\t\t<h2 class=\"elementor-heading-title elementor-size-default\">ABOUT US<\/h2>\t\t<\/div>\n\t\t\t\t<\/div>\n\t\t\t\t<div class=\"elementor-element elementor-element-418dcd8 elementor-widget elementor-widget-text-editor\" data-id=\"418dcd8\" data-element_type=\"widget\" data-widget_type=\"text-editor.default\">\n\t\t\t\t<div class=\"elementor-widget-container\">\n\t\t\t\t\t\t\t\t<div class=\"elementor-text-editor elementor-clearfix\">\n\t\t\t\t<div class=\"section-content-area custom-section-content\">\n<p style=\"margin-top: 0cm; text-align: justify; text-indent: 35.4pt;\"><b><span style=\"font-size: 14.5pt; font-family: 'Exo',serif; color: #4a2343;\">Our mission<\/span><\/b> is creating unique work places and finding employees, thanks to engagement, reliability and passion. We started our activity as a HR agency<strong> in 2015<\/strong> and ever since we have successfully combined business results and helping people. We have been active on local, national as well as international scale. Basing on many years of experience and constantly cultivating <strong>the desire to learn about our Customers\u2019 needs<\/strong>, we have specialized in recruitment services and employing staff. <strong>Effectiveness is what we value the most<\/strong> and thanks to it information transfer in our Agency is much faster. This, in turn, results in being more flexible and independent while realizing the set goals which means that your case \u2018is not waiting in line\u2019!<\/p>\n<div class=\"section-content-area custom-section-content\">\n<p style=\"margin-top: 0cm; text-align: justify; text-indent: 35.4pt;\"><span style=\"font-size: 14.5pt; font-family: 'Exo',serif; color: #4a2343;\">We operate basing on <strong>the principles of mutual respect, open communication, kindness<\/strong> and, above all, understanding of needs. Many years of experience as employees of both corporate as well as ownership structure companies where we held different positions made it possible for us to understand \u2018What do both parties, i.e. an employee and an employer, really need !\u2019 <strong>That is why we consider each recruitment as our own one.<\/strong><\/p>\n<div class=\"section-content-area custom-section-content\">\n<p style=\"margin-top: 0cm; text-align: justify; text-indent: 35.4pt;\"><span style=\"font-size: 14.5pt; font-family: 'Exo',serif; color: #4a2343;\">We have been <strong>appreciated by our numerous clients<\/strong> who we have been cooperating for many years and who have given us very positive references. Thanks to hundreds of various projects, we have been a permanent partner for most provincial and district labour offices in Poland. We also\u00a0 cooperate with numerous student career offices.<\/p>\n\n<\/div>\t\t\t\t\t<\/div>\n\t\t\t\t\t\t<\/div>\n\t\t\t\t<\/div>\n\t\t\t\t\t\t<\/div>\n\t\t\t\t\t<\/div>\n\t\t<\/div>\n\t\t\t\t\t\t\t\t<\/div>\n\t\t\t\t\t<\/div>\n\t\t<\/section>\n\t\t\t\t\t\t<\/div>\n\t\t\t\t\t<\/div>\n\t\t<\/div>\n\t\t\t\t\t\t\t\t<\/div>\n\t\t\t\t\t<\/div>\n\t\t<\/section>\n\t\t\t\t\t\t<\/div>\n\t\t\t\t\t\t<\/div>\n\t\t\t\t\t<\/div>\n\t\t","protected":false},"excerpt":{"rendered":"<p>ABOUT US Our mission is creating unique work places and finding employees, thanks to engagement, reliability and passion. We started our activity as a HR agency in 2015 and ever since we have successfully combined business results and helping people. We have been active on local, national as well as&#8230;<\/p>\n","protected":false},"author":1,"featured_media":0,"parent":0,"menu_order":0,"comment_status":"closed","ping_status":"closed","template":"elementor_header_footer","meta":[],"yoast_head":"<!-- This site is optimized with the Yoast SEO plugin v15.2.1 - https:\/\/yoast.com\/wordpress\/plugins\/seo\/ -->\n<title>O nas &ndash; LemonHR<\/title>\n<meta name=\"description\" content=\"Od 2015 rozpocz\u0119li\u015bmy dzia\u0142alno\u015b\u0107 jako agencja HR. Poszukujesz nowych pracownik\u00f3w? Znajdziemy ich za Ciebie, sprawd\u017a nasze do\u015bwiadczenie.\" \/>\n<meta name=\"robots\" content=\"index, follow, max-snippet:-1, max-image-preview:large, max-video-preview:-1\" \/>\n<link rel=\"canonical\" href=\"https:\/\/www.lemonhr.pl\/en\/about-us\/\" \/>\n<meta property=\"og:locale\" content=\"pl_PL\" \/>\n<meta property=\"og:type\" content=\"article\" \/>\n<meta property=\"og:title\" content=\"O nas &ndash; LemonHR\" \/>\n<meta property=\"og:description\" content=\"Od 2015 rozpocz\u0119li\u015bmy dzia\u0142alno\u015b\u0107 jako agencja HR. Poszukujesz nowych pracownik\u00f3w? Znajdziemy ich za Ciebie, sprawd\u017a nasze do\u015bwiadczenie.\" \/>\n<meta property=\"og:url\" content=\"https:\/\/www.lemonhr.pl\/en\/about-us\/\" \/>\n<meta property=\"og:site_name\" content=\"LemonHR\" \/>\n<meta property=\"article:publisher\" content=\"https:\/\/www.facebook.com\/Lemon-HR-109998404236703\" \/>\n<meta property=\"article:modified_time\" content=\"2022-02-02T12:35:08+00:00\" \/>\n<meta name=\"twitter:card\" content=\"summary_large_image\" \/>\n<meta name=\"twitter:label1\" content=\"Written by\">\n\t<meta name=\"twitter:data1\" content=\"admin\">\n\t<meta name=\"twitter:label2\" content=\"Est. reading time\">\n\t<meta name=\"twitter:data2\" content=\"1 minuta\">\n<script type=\"application\/ld+json\" class=\"yoast-schema-graph\">{\"@context\":\"https:\/\/schema.org\",\"@graph\":[{\"@type\":\"Organization\",\"@id\":\"http:\/\/www.lemonhr.pl\/en\/#organization\",\"name\":\"LemonHR\",\"url\":\"http:\/\/www.lemonhr.pl\/en\/\",\"sameAs\":[\"https:\/\/www.facebook.com\/Lemon-HR-109998404236703\",\"https:\/\/www.linkedin.com\/company\/lemonhr\/\"],\"logo\":{\"@type\":\"ImageObject\",\"@id\":\"http:\/\/www.lemonhr.pl\/en\/#logo\",\"inLanguage\":\"pl-PL\",\"url\":\"http:\/\/www.lemonhr.pl\/en\/wp-content\/uploads\/2020\/09\/logotyp_lemonHR.png\",\"width\":339,\"height\":374,\"caption\":\"LemonHR\"},\"image\":{\"@id\":\"http:\/\/www.lemonhr.pl\/en\/#logo\"}},{\"@type\":\"WebSite\",\"@id\":\"http:\/\/www.lemonhr.pl\/en\/#website\",\"url\":\"http:\/\/www.lemonhr.pl\/en\/\",\"name\":\"LemonHR | Rekrutacje | Rozw\\u00f3j pracowniczy | Oferty pracy\",\"description\":\"Lemon Human Recources\",\"publisher\":{\"@id\":\"http:\/\/www.lemonhr.pl\/en\/#organization\"},\"potentialAction\":[{\"@type\":\"SearchAction\",\"target\":\"http:\/\/www.lemonhr.pl\/en\/?s={search_term_string}\",\"query-input\":\"required name=search_term_string\"}],\"inLanguage\":\"pl-PL\"},{\"@type\":\"WebPage\",\"@id\":\"https:\/\/www.lemonhr.pl\/en\/about-us\/#webpage\",\"url\":\"https:\/\/www.lemonhr.pl\/en\/about-us\/\",\"name\":\"O nas &ndash; LemonHR\",\"isPartOf\":{\"@id\":\"http:\/\/www.lemonhr.pl\/en\/#website\"},\"datePublished\":\"2021-01-28T22:50:56+00:00\",\"dateModified\":\"2022-02-02T12:35:08+00:00\",\"description\":\"Od 2015 rozpocz\\u0119li\\u015bmy dzia\\u0142alno\\u015b\\u0107 jako agencja HR. Poszukujesz nowych pracownik\\u00f3w? Znajdziemy ich za Ciebie, sprawd\\u017a nasze do\\u015bwiadczenie.\",\"inLanguage\":\"pl-PL\",\"potentialAction\":[{\"@type\":\"ReadAction\",\"target\":[\"https:\/\/www.lemonhr.pl\/en\/about-us\/\"]}]}]}<\/script>\n<!-- \/ Yoast SEO plugin. -->","_links":{"self":[{"href":"http:\/\/www.lemonhr.pl\/en\/wp-json\/wp\/v2\/pages\/1375"}],"collection":[{"href":"http:\/\/www.lemonhr.pl\/en\/wp-json\/wp\/v2\/pages"}],"about":[{"href":"http:\/\/www.lemonhr.pl\/en\/wp-json\/wp\/v2\/types\/page"}],"author":[{"embeddable":true,"href":"http:\/\/www.lemonhr.pl\/en\/wp-json\/wp\/v2\/users\/1"}],"replies":[{"embeddable":true,"href":"http:\/\/www.lemonhr.pl\/en\/wp-json\/wp\/v2\/comments?post=1375"}],"version-history":[{"count":51,"href":"http:\/\/www.lemonhr.pl\/en\/wp-json\/wp\/v2\/pages\/1375\/revisions"}],"predecessor-version":[{"id":1890,"href":"http:\/\/www.lemonhr.pl\/en\/wp-json\/wp\/v2\/pages\/1375\/revisions\/1890"}],"wp:attachment":[{"href":"http:\/\/www.lemonhr.pl\/en\/wp-json\/wp\/v2\/media?parent=1375"}],"curies":[{"name":"wp","href":"https:\/\/api.w.org\/{rel}","templated":true}]}}