{"id":1395,"date":"2021-01-28T23:07:59","date_gmt":"2021-01-28T23:07:59","guid":{"rendered":"http:\/\/www.lemonhr.pl\/en\/?page_id=1395"},"modified":"2022-02-02T12:34:47","modified_gmt":"2022-02-02T12:34:47","slug":"why-us","status":"publish","type":"page","link":"http:\/\/www.lemonhr.pl\/en\/why-us\/","title":{"rendered":"Dlaczego my?"},"content":{"rendered":"\t\t<div data-elementor-type=\"wp-page\" data-elementor-id=\"1395\" class=\"elementor elementor-1395\" data-elementor-settings=\"[]\">\n\t\t\t\t\t\t<div class=\"elementor-inner\">\n\t\t\t\t\t\t\t<div class=\"elementor-section-wrap\">\n\t\t\t\t\t\t\t<section class=\"elementor-section elementor-top-section elementor-element elementor-element-655cf11 elementor-section-boxed elementor-section-height-default elementor-section-height-default\" data-id=\"655cf11\" data-element_type=\"section\">\n\t\t\t\t\t\t<div class=\"elementor-container elementor-column-gap-default\">\n\t\t\t\t\t\t\t<div class=\"elementor-row\">\n\t\t\t\t\t<div class=\"elementor-column elementor-col-100 elementor-top-column elementor-element elementor-element-e8022a3\" data-id=\"e8022a3\" data-element_type=\"column\">\n\t\t\t<div class=\"elementor-column-wrap elementor-element-populated\">\n\t\t\t\t\t\t\t<div class=\"elementor-widget-wrap\">\n\t\t\t\t\t\t<section class=\"elementor-section elementor-inner-section elementor-element elementor-element-0930e74 elementor-section-boxed elementor-section-height-default elementor-section-height-default\" data-id=\"0930e74\" data-element_type=\"section\">\n\t\t\t\t\t\t<div class=\"elementor-container elementor-column-gap-default\">\n\t\t\t\t\t\t\t<div class=\"elementor-row\">\n\t\t\t\t\t<div class=\"elementor-column elementor-col-50 elementor-inner-column elementor-element elementor-element-171f37e\" data-id=\"171f37e\" data-element_type=\"column\">\n\t\t\t<div class=\"elementor-column-wrap\">\n\t\t\t\t\t\t\t<div class=\"elementor-widget-wrap\">\n\t\t\t\t\t\t\t\t<\/div>\n\t\t\t\t\t<\/div>\n\t\t<\/div>\n\t\t\t\t<div class=\"elementor-column elementor-col-50 elementor-inner-column elementor-element elementor-element-b69af62\" data-id=\"b69af62\" data-element_type=\"column\">\n\t\t\t<div class=\"elementor-column-wrap\">\n\t\t\t\t\t\t\t<div class=\"elementor-widget-wrap\">\n\t\t\t\t\t\t\t\t<\/div>\n\t\t\t\t\t<\/div>\n\t\t<\/div>\n\t\t\t\t\t\t\t\t<\/div>\n\t\t\t\t\t<\/div>\n\t\t<\/section>\n\t\t\t\t\t\t<\/div>\n\t\t\t\t\t<\/div>\n\t\t<\/div>\n\t\t\t\t\t\t\t\t<\/div>\n\t\t\t\t\t<\/div>\n\t\t<\/section>\n\t\t\t\t<section class=\"elementor-section elementor-top-section elementor-element elementor-element-89b9969 elementor-section-boxed elementor-section-height-default elementor-section-height-default\" data-id=\"89b9969\" data-element_type=\"section\" data-settings=\"{&quot;background_background&quot;:&quot;gradient&quot;}\">\n\t\t\t\t\t\t<div class=\"elementor-container elementor-column-gap-default\">\n\t\t\t\t\t\t\t<div class=\"elementor-row\">\n\t\t\t\t\t<div class=\"elementor-column elementor-col-100 elementor-top-column elementor-element elementor-element-72da946\" data-id=\"72da946\" data-element_type=\"column\">\n\t\t\t<div class=\"elementor-column-wrap elementor-element-populated\">\n\t\t\t\t\t\t\t<div class=\"elementor-widget-wrap\">\n\t\t\t\t\t\t<section class=\"elementor-section elementor-inner-section elementor-element elementor-element-1934385 elementor-section-boxed elementor-section-height-default elementor-section-height-default\" data-id=\"1934385\" data-element_type=\"section\">\n\t\t\t\t\t\t<div class=\"elementor-container elementor-column-gap-default\">\n\t\t\t\t\t\t\t<div class=\"elementor-row\">\n\t\t\t\t\t<div class=\"elementor-column elementor-col-100 elementor-inner-column elementor-element elementor-element-636e563\" data-id=\"636e563\" data-element_type=\"column\">\n\t\t\t<div class=\"elementor-column-wrap elementor-element-populated\">\n\t\t\t\t\t\t\t<div class=\"elementor-widget-wrap\">\n\t\t\t\t\t\t<div class=\"elementor-element elementor-element-78bd9ab elementor-widget elementor-widget-spacer\" data-id=\"78bd9ab\" data-element_type=\"widget\" data-widget_type=\"spacer.default\">\n\t\t\t\t<div class=\"elementor-widget-container\">\n\t\t\t\t\t<div class=\"elementor-spacer\">\n\t\t\t<div class=\"elementor-spacer-inner\"><\/div>\n\t\t<\/div>\n\t\t\t\t<\/div>\n\t\t\t\t<\/div>\n\t\t\t\t<div class=\"elementor-element elementor-element-1a58b04 elementor-widget elementor-widget-heading\" data-id=\"1a58b04\" data-element_type=\"widget\" data-widget_type=\"heading.default\">\n\t\t\t\t<div class=\"elementor-widget-container\">\n\t\t\t<h2 class=\"elementor-heading-title elementor-size-default\">WHY US?<\/h2>\t\t<\/div>\n\t\t\t\t<\/div>\n\t\t\t\t<div class=\"elementor-element elementor-element-54a8a78 elementor-widget elementor-widget-spacer\" data-id=\"54a8a78\" data-element_type=\"widget\" data-widget_type=\"spacer.default\">\n\t\t\t\t<div class=\"elementor-widget-container\">\n\t\t\t\t\t<div class=\"elementor-spacer\">\n\t\t\t<div class=\"elementor-spacer-inner\"><\/div>\n\t\t<\/div>\n\t\t\t\t<\/div>\n\t\t\t\t<\/div>\n\t\t\t\t<div class=\"elementor-element elementor-element-418dcd8 elementor-widget elementor-widget-text-editor\" data-id=\"418dcd8\" data-element_type=\"widget\" data-widget_type=\"text-editor.default\">\n\t\t\t\t<div class=\"elementor-widget-container\">\n\t\t\t\t\t\t\t\t<div class=\"elementor-text-editor elementor-clearfix\">\n\t\t\t\t<div class=\"section-content-area custom-section-content\"><div class=\"section-content-area custom-section-content\"><p><img loading=\"lazy\" class=\"alignnone wp-image-777\" src=\"http:\/\/www.lemonhr.pl\/en\/wp-content\/uploads\/2020\/10\/kwadrat.png\" alt=\"\" width=\"17\" height=\"17\" \/> Availability and personal contact at each stage of cooperation.<\/p><p><img loading=\"lazy\" class=\"alignnone wp-image-777\" src=\"http:\/\/www.lemonhr.pl\/en\/wp-content\/uploads\/2020\/10\/kwadrat.png\" alt=\"\" width=\"17\" height=\"17\" \/> Access to the best candidates.<\/p><p><img loading=\"lazy\" class=\"alignnone wp-image-777\" src=\"http:\/\/www.lemonhr.pl\/en\/wp-content\/uploads\/2020\/10\/kwadrat.png\" alt=\"\" width=\"17\" height=\"17\" \/> Verification of candidates with LemonHR tools, optimizing the effect at each stage of the process.<\/p><p><img loading=\"lazy\" class=\"alignnone wp-image-777\" src=\"http:\/\/www.lemonhr.pl\/en\/wp-content\/uploads\/2020\/10\/kwadrat.png\" alt=\"\" width=\"17\" height=\"17\" \/> Result ! \u2013 The final settlement is made only after your requirements are met.<\/p><p><img loading=\"lazy\" class=\"alignnone wp-image-777\" src=\"http:\/\/www.lemonhr.pl\/en\/wp-content\/uploads\/2020\/10\/kwadrat.png\" alt=\"\" width=\"17\" height=\"17\" \/> Time and money are saved.<\/p><p><img loading=\"lazy\" class=\"alignnone wp-image-777\" src=\"http:\/\/www.lemonhr.pl\/en\/wp-content\/uploads\/2020\/10\/kwadrat.png\" alt=\"\" width=\"17\" height=\"17\" \/> Recruitment processes conducted by experienced experts with networks of contacts in given<br \/>branches.<\/p><p><img loading=\"lazy\" class=\"alignnone wp-image-777\" src=\"http:\/\/www.lemonhr.pl\/en\/wp-content\/uploads\/2020\/10\/kwadrat.png\" alt=\"\" width=\"17\" height=\"17\" \/> Guarantee for each employee proving our sense of responsibility for the quality of the service<br \/>provided.<\/p><p style=\"text-align: center; padding-left: 40px;\"><strong>WE WILL DO IT !<br \/>Each of our clients is guaranteed an offer dedicated to their company ONLY !<\/strong><\/p><\/div><\/div>\t\t\t\t\t<\/div>\n\t\t\t\t\t\t<\/div>\n\t\t\t\t<\/div>\n\t\t\t\t\t\t<\/div>\n\t\t\t\t\t<\/div>\n\t\t<\/div>\n\t\t\t\t\t\t\t\t<\/div>\n\t\t\t\t\t<\/div>\n\t\t<\/section>\n\t\t\t\t\t\t<\/div>\n\t\t\t\t\t<\/div>\n\t\t<\/div>\n\t\t\t\t\t\t\t\t<\/div>\n\t\t\t\t\t<\/div>\n\t\t<\/section>\n\t\t\t\t\t\t<\/div>\n\t\t\t\t\t\t<\/div>\n\t\t\t\t\t<\/div>\n\t\t","protected":false},"excerpt":{"rendered":"<p>WHY US? Availability and personal contact at each stage of cooperation. Access to the best candidates. Verification of candidates with LemonHR tools, optimizing the effect at each stage of the process. Result ! \u2013 The final settlement is made only after your requirements are met. Time and money are saved&#8230;.<\/p>\n","protected":false},"author":1,"featured_media":0,"parent":0,"menu_order":0,"comment_status":"closed","ping_status":"closed","template":"elementor_header_footer","meta":[],"yoast_head":"<!-- This site is optimized with the Yoast SEO plugin v15.2.1 - https:\/\/yoast.com\/wordpress\/plugins\/seo\/ -->\n<title>Dlaczego my? &ndash; LemonHR<\/title>\n<meta name=\"description\" content=\"Skorzystaj z naszego do\u015bwiadczenia. Ka\u017cdy z naszych Klient\u00f3w ma gwarancj\u0119 dedykowanej oferty TYLKO jego firmie.\" \/>\n<meta name=\"robots\" content=\"index, follow, max-snippet:-1, max-image-preview:large, max-video-preview:-1\" \/>\n<link rel=\"canonical\" href=\"http:\/\/www.lemonhr.pl\/en\/why-us\/\" \/>\n<meta property=\"og:locale\" content=\"pl_PL\" \/>\n<meta property=\"og:type\" content=\"article\" \/>\n<meta property=\"og:title\" content=\"Dlaczego my? &ndash; LemonHR\" \/>\n<meta property=\"og:description\" content=\"Skorzystaj z naszego do\u015bwiadczenia. Ka\u017cdy z naszych Klient\u00f3w ma gwarancj\u0119 dedykowanej oferty TYLKO jego firmie.\" \/>\n<meta property=\"og:url\" content=\"http:\/\/www.lemonhr.pl\/en\/why-us\/\" \/>\n<meta property=\"og:site_name\" content=\"LemonHR\" \/>\n<meta property=\"article:publisher\" content=\"https:\/\/www.facebook.com\/Lemon-HR-109998404236703\" \/>\n<meta property=\"article:modified_time\" content=\"2022-02-02T12:34:47+00:00\" \/>\n<meta property=\"og:image\" content=\"http:\/\/www.lemonhr.pl\/en\/wp-content\/uploads\/2020\/10\/kwadrat.png\" \/>\n<meta name=\"twitter:card\" content=\"summary_large_image\" \/>\n<meta name=\"twitter:label1\" content=\"Written by\">\n\t<meta name=\"twitter:data1\" content=\"admin\">\n\t<meta name=\"twitter:label2\" content=\"Est. reading time\">\n\t<meta name=\"twitter:data2\" content=\"0 minut\">\n<script type=\"application\/ld+json\" class=\"yoast-schema-graph\">{\"@context\":\"https:\/\/schema.org\",\"@graph\":[{\"@type\":\"Organization\",\"@id\":\"http:\/\/www.lemonhr.pl\/en\/#organization\",\"name\":\"LemonHR\",\"url\":\"http:\/\/www.lemonhr.pl\/en\/\",\"sameAs\":[\"https:\/\/www.facebook.com\/Lemon-HR-109998404236703\",\"https:\/\/www.linkedin.com\/company\/lemonhr\/\"],\"logo\":{\"@type\":\"ImageObject\",\"@id\":\"http:\/\/www.lemonhr.pl\/en\/#logo\",\"inLanguage\":\"pl-PL\",\"url\":\"http:\/\/www.lemonhr.pl\/en\/wp-content\/uploads\/2020\/09\/logotyp_lemonHR.png\",\"width\":339,\"height\":374,\"caption\":\"LemonHR\"},\"image\":{\"@id\":\"http:\/\/www.lemonhr.pl\/en\/#logo\"}},{\"@type\":\"WebSite\",\"@id\":\"http:\/\/www.lemonhr.pl\/en\/#website\",\"url\":\"http:\/\/www.lemonhr.pl\/en\/\",\"name\":\"LemonHR | Rekrutacje | Rozw\\u00f3j pracowniczy | Oferty pracy\",\"description\":\"Lemon Human Recources\",\"publisher\":{\"@id\":\"http:\/\/www.lemonhr.pl\/en\/#organization\"},\"potentialAction\":[{\"@type\":\"SearchAction\",\"target\":\"http:\/\/www.lemonhr.pl\/en\/?s={search_term_string}\",\"query-input\":\"required name=search_term_string\"}],\"inLanguage\":\"pl-PL\"},{\"@type\":\"ImageObject\",\"@id\":\"http:\/\/www.lemonhr.pl\/en\/why-us\/#primaryimage\",\"inLanguage\":\"pl-PL\",\"url\":\"http:\/\/www.lemonhr.pl\/en\/wp-content\/uploads\/2020\/10\/kwadrat.png\",\"width\":73,\"height\":74},{\"@type\":\"WebPage\",\"@id\":\"http:\/\/www.lemonhr.pl\/en\/why-us\/#webpage\",\"url\":\"http:\/\/www.lemonhr.pl\/en\/why-us\/\",\"name\":\"Dlaczego my? &ndash; LemonHR\",\"isPartOf\":{\"@id\":\"http:\/\/www.lemonhr.pl\/en\/#website\"},\"primaryImageOfPage\":{\"@id\":\"http:\/\/www.lemonhr.pl\/en\/why-us\/#primaryimage\"},\"datePublished\":\"2021-01-28T23:07:59+00:00\",\"dateModified\":\"2022-02-02T12:34:47+00:00\",\"description\":\"Skorzystaj z naszego do\\u015bwiadczenia. Ka\\u017cdy z naszych Klient\\u00f3w ma gwarancj\\u0119 dedykowanej oferty TYLKO jego firmie.\",\"inLanguage\":\"pl-PL\",\"potentialAction\":[{\"@type\":\"ReadAction\",\"target\":[\"http:\/\/www.lemonhr.pl\/en\/why-us\/\"]}]}]}<\/script>\n<!-- \/ Yoast SEO plugin. -->","_links":{"self":[{"href":"http:\/\/www.lemonhr.pl\/en\/wp-json\/wp\/v2\/pages\/1395"}],"collection":[{"href":"http:\/\/www.lemonhr.pl\/en\/wp-json\/wp\/v2\/pages"}],"about":[{"href":"http:\/\/www.lemonhr.pl\/en\/wp-json\/wp\/v2\/types\/page"}],"author":[{"embeddable":true,"href":"http:\/\/www.lemonhr.pl\/en\/wp-json\/wp\/v2\/users\/1"}],"replies":[{"embeddable":true,"href":"http:\/\/www.lemonhr.pl\/en\/wp-json\/wp\/v2\/comments?post=1395"}],"version-history":[{"count":21,"href":"http:\/\/www.lemonhr.pl\/en\/wp-json\/wp\/v2\/pages\/1395\/revisions"}],"predecessor-version":[{"id":1877,"href":"http:\/\/www.lemonhr.pl\/en\/wp-json\/wp\/v2\/pages\/1395\/revisions\/1877"}],"wp:attachment":[{"href":"http:\/\/www.lemonhr.pl\/en\/wp-json\/wp\/v2\/media?parent=1395"}],"curies":[{"name":"wp","href":"https:\/\/api.w.org\/{rel}","templated":true}]}}