{"id":1524,"date":"2021-02-06T19:23:59","date_gmt":"2021-02-06T19:23:59","guid":{"rendered":"http:\/\/www.lemonhr.pl\/en\/?page_id=1524"},"modified":"2022-02-02T12:35:34","modified_gmt":"2022-02-02T12:35:34","slug":"services","status":"publish","type":"page","link":"http:\/\/www.lemonhr.pl\/en\/services\/","title":{"rendered":"Us\u0142ugi"},"content":{"rendered":"\t\t<div data-elementor-type=\"wp-page\" data-elementor-id=\"1524\" class=\"elementor elementor-1524\" data-elementor-settings=\"[]\">\n\t\t\t\t\t\t<div class=\"elementor-inner\">\n\t\t\t\t\t\t\t<div class=\"elementor-section-wrap\">\n\t\t\t\t\t\t\t<section class=\"elementor-section elementor-top-section elementor-element elementor-element-655cf11 elementor-section-boxed elementor-section-height-default elementor-section-height-default\" data-id=\"655cf11\" data-element_type=\"section\">\n\t\t\t\t\t\t<div class=\"elementor-container elementor-column-gap-default\">\n\t\t\t\t\t\t\t<div class=\"elementor-row\">\n\t\t\t\t\t<div class=\"elementor-column elementor-col-100 elementor-top-column elementor-element elementor-element-e8022a3\" data-id=\"e8022a3\" data-element_type=\"column\">\n\t\t\t<div class=\"elementor-column-wrap elementor-element-populated\">\n\t\t\t\t\t\t\t<div class=\"elementor-widget-wrap\">\n\t\t\t\t\t\t<section class=\"elementor-section elementor-inner-section elementor-element elementor-element-0930e74 elementor-section-boxed elementor-section-height-default elementor-section-height-default\" data-id=\"0930e74\" data-element_type=\"section\">\n\t\t\t\t\t\t<div class=\"elementor-container elementor-column-gap-default\">\n\t\t\t\t\t\t\t<div class=\"elementor-row\">\n\t\t\t\t\t<div class=\"elementor-column elementor-col-50 elementor-inner-column elementor-element elementor-element-171f37e\" data-id=\"171f37e\" data-element_type=\"column\">\n\t\t\t<div class=\"elementor-column-wrap\">\n\t\t\t\t\t\t\t<div class=\"elementor-widget-wrap\">\n\t\t\t\t\t\t\t\t<\/div>\n\t\t\t\t\t<\/div>\n\t\t<\/div>\n\t\t\t\t<div class=\"elementor-column elementor-col-50 elementor-inner-column elementor-element elementor-element-b69af62\" data-id=\"b69af62\" data-element_type=\"column\">\n\t\t\t<div class=\"elementor-column-wrap\">\n\t\t\t\t\t\t\t<div class=\"elementor-widget-wrap\">\n\t\t\t\t\t\t\t\t<\/div>\n\t\t\t\t\t<\/div>\n\t\t<\/div>\n\t\t\t\t\t\t\t\t<\/div>\n\t\t\t\t\t<\/div>\n\t\t<\/section>\n\t\t\t\t\t\t<\/div>\n\t\t\t\t\t<\/div>\n\t\t<\/div>\n\t\t\t\t\t\t\t\t<\/div>\n\t\t\t\t\t<\/div>\n\t\t<\/section>\n\t\t\t\t<section class=\"elementor-section elementor-top-section elementor-element elementor-element-89b9969 elementor-section-full_width elementor-section-height-default elementor-section-height-default\" data-id=\"89b9969\" data-element_type=\"section\" data-settings=\"{&quot;background_background&quot;:&quot;classic&quot;}\">\n\t\t\t\t\t\t\t<div class=\"elementor-background-overlay\"><\/div>\n\t\t\t\t\t\t\t<div class=\"elementor-container elementor-column-gap-default\">\n\t\t\t\t\t\t\t<div class=\"elementor-row\">\n\t\t\t\t\t<div class=\"elementor-column elementor-col-100 elementor-top-column elementor-element elementor-element-72da946\" data-id=\"72da946\" data-element_type=\"column\">\n\t\t\t<div class=\"elementor-column-wrap elementor-element-populated\">\n\t\t\t\t\t\t\t<div class=\"elementor-widget-wrap\">\n\t\t\t\t\t\t<section class=\"elementor-section elementor-inner-section elementor-element elementor-element-1934385 elementor-section-boxed elementor-section-height-default elementor-section-height-default\" data-id=\"1934385\" data-element_type=\"section\">\n\t\t\t\t\t\t<div class=\"elementor-container elementor-column-gap-default\">\n\t\t\t\t\t\t\t<div class=\"elementor-row\">\n\t\t\t\t\t<div class=\"elementor-column elementor-col-100 elementor-inner-column elementor-element elementor-element-636e563\" data-id=\"636e563\" data-element_type=\"column\">\n\t\t\t<div class=\"elementor-column-wrap elementor-element-populated\">\n\t\t\t\t\t\t\t<div class=\"elementor-widget-wrap\">\n\t\t\t\t\t\t<div class=\"elementor-element elementor-element-78bd9ab elementor-widget elementor-widget-spacer\" data-id=\"78bd9ab\" data-element_type=\"widget\" data-widget_type=\"spacer.default\">\n\t\t\t\t<div class=\"elementor-widget-container\">\n\t\t\t\t\t<div class=\"elementor-spacer\">\n\t\t\t<div class=\"elementor-spacer-inner\"><\/div>\n\t\t<\/div>\n\t\t\t\t<\/div>\n\t\t\t\t<\/div>\n\t\t\t\t<div class=\"elementor-element elementor-element-1a58b04 elementor-widget elementor-widget-heading\" data-id=\"1a58b04\" data-element_type=\"widget\" data-widget_type=\"heading.default\">\n\t\t\t\t<div class=\"elementor-widget-container\">\n\t\t\t<h2 class=\"elementor-heading-title elementor-size-default\">SERVICES<\/h2>\t\t<\/div>\n\t\t\t\t<\/div>\n\t\t\t\t<div class=\"elementor-element elementor-element-6e1ed01 elementor-widget elementor-widget-spacer\" data-id=\"6e1ed01\" data-element_type=\"widget\" data-widget_type=\"spacer.default\">\n\t\t\t\t<div class=\"elementor-widget-container\">\n\t\t\t\t\t<div class=\"elementor-spacer\">\n\t\t\t<div class=\"elementor-spacer-inner\"><\/div>\n\t\t<\/div>\n\t\t\t\t<\/div>\n\t\t\t\t<\/div>\n\t\t\t\t\t\t<\/div>\n\t\t\t\t\t<\/div>\n\t\t<\/div>\n\t\t\t\t\t\t\t\t<\/div>\n\t\t\t\t\t<\/div>\n\t\t<\/section>\n\t\t\t\t<section class=\"elementor-section elementor-inner-section elementor-element elementor-element-5da2524 elementor-section-full_width elementor-section-height-default elementor-section-height-default\" data-id=\"5da2524\" data-element_type=\"section\">\n\t\t\t\t\t\t<div class=\"elementor-container elementor-column-gap-default\">\n\t\t\t\t\t\t\t<div class=\"elementor-row\">\n\t\t\t\t\t<div class=\"elementor-column elementor-col-33 elementor-inner-column elementor-element elementor-element-eb5dc4e\" data-id=\"eb5dc4e\" data-element_type=\"column\">\n\t\t\t<div class=\"elementor-column-wrap elementor-element-populated\">\n\t\t\t\t\t\t\t<div class=\"elementor-widget-wrap\">\n\t\t\t\t\t\t<div class=\"elementor-element elementor-element-303c1f9 elementor-position-top elementor-vertical-align-top elementor-widget elementor-widget-image-box\" data-id=\"303c1f9\" data-element_type=\"widget\" data-widget_type=\"image-box.default\">\n\t\t\t\t<div class=\"elementor-widget-container\">\n\t\t\t<div class=\"elementor-image-box-wrapper\"><figure class=\"elementor-image-box-img\"><a href=\"http:\/\/www.lemonhr.pl\/en\/recruitment\"><img width=\"1000\" height=\"521\" src=\"http:\/\/www.lemonhr.pl\/en\/wp-content\/uploads\/2020\/11\/Rekrutacja.jpg\" class=\"elementor-animation-shrink attachment-full size-full\" alt=\"\" loading=\"lazy\" \/><\/a><\/figure><div class=\"elementor-image-box-content\"><h3 class=\"elementor-image-box-title\"><a href=\"http:\/\/www.lemonhr.pl\/en\/recruitment\">A - Z RECRUITMENT PROCESS<\/a><\/h3><\/div><\/div>\t\t<\/div>\n\t\t\t\t<\/div>\n\t\t\t\t\t\t<\/div>\n\t\t\t\t\t<\/div>\n\t\t<\/div>\n\t\t\t\t<div class=\"elementor-column elementor-col-33 elementor-inner-column elementor-element elementor-element-9121a89\" data-id=\"9121a89\" data-element_type=\"column\">\n\t\t\t<div class=\"elementor-column-wrap elementor-element-populated\">\n\t\t\t\t\t\t\t<div class=\"elementor-widget-wrap\">\n\t\t\t\t\t\t<div class=\"elementor-element elementor-element-2b8f0d1 elementor-position-top elementor-vertical-align-top elementor-widget elementor-widget-image-box\" data-id=\"2b8f0d1\" data-element_type=\"widget\" data-widget_type=\"image-box.default\">\n\t\t\t\t<div class=\"elementor-widget-container\">\n\t\t\t<div class=\"elementor-image-box-wrapper\"><figure class=\"elementor-image-box-img\"><a href=\"http:\/\/www.lemonhr.pl\/en\/employee-development\"><img width=\"1000\" height=\"520\" src=\"http:\/\/www.lemonhr.pl\/en\/wp-content\/uploads\/2020\/11\/Rozwoj.jpg\" class=\"elementor-animation-shrink attachment-full size-full\" alt=\"\" loading=\"lazy\" \/><\/a><\/figure><div class=\"elementor-image-box-content\"><h3 class=\"elementor-image-box-title\"><a href=\"http:\/\/www.lemonhr.pl\/en\/employee-development\">EMPLOYEE DEVELOPMENT<\/a><\/h3><\/div><\/div>\t\t<\/div>\n\t\t\t\t<\/div>\n\t\t\t\t\t\t<\/div>\n\t\t\t\t\t<\/div>\n\t\t<\/div>\n\t\t\t\t<div class=\"elementor-column elementor-col-33 elementor-inner-column elementor-element elementor-element-37ca3fe\" data-id=\"37ca3fe\" data-element_type=\"column\">\n\t\t\t<div class=\"elementor-column-wrap elementor-element-populated\">\n\t\t\t\t\t\t\t<div class=\"elementor-widget-wrap\">\n\t\t\t\t\t\t<div class=\"elementor-element elementor-element-637f6cb elementor-position-top elementor-vertical-align-top elementor-widget elementor-widget-image-box\" data-id=\"637f6cb\" data-element_type=\"widget\" data-widget_type=\"image-box.default\">\n\t\t\t\t<div class=\"elementor-widget-container\">\n\t\t\t<div class=\"elementor-image-box-wrapper\"><figure class=\"elementor-image-box-img\"><a href=\"http:\/\/www.lemonhr.pl\/en\/temporary-work\"><img width=\"1000\" height=\"520\" src=\"http:\/\/www.lemonhr.pl\/en\/wp-content\/uploads\/2020\/11\/Outsourcing.jpg\" class=\"elementor-animation-shrink attachment-full size-full\" alt=\"\" loading=\"lazy\" \/><\/a><\/figure><div class=\"elementor-image-box-content\"><h3 class=\"elementor-image-box-title\"><a href=\"http:\/\/www.lemonhr.pl\/en\/temporary-work\">TEMPORARY WORK<\/a><\/h3><\/div><\/div>\t\t<\/div>\n\t\t\t\t<\/div>\n\t\t\t\t\t\t<\/div>\n\t\t\t\t\t<\/div>\n\t\t<\/div>\n\t\t\t\t\t\t\t\t<\/div>\n\t\t\t\t\t<\/div>\n\t\t<\/section>\n\t\t\t\t\t\t<\/div>\n\t\t\t\t\t<\/div>\n\t\t<\/div>\n\t\t\t\t\t\t\t\t<\/div>\n\t\t\t\t\t<\/div>\n\t\t<\/section>\n\t\t\t\t\t\t<\/div>\n\t\t\t\t\t\t<\/div>\n\t\t\t\t\t<\/div>\n\t\t","protected":false},"excerpt":{"rendered":"<p>SERVICES A &#8211; Z RECRUITMENT PROCESS EMPLOYEE DEVELOPMENT TEMPORARY WORK<\/p>\n","protected":false},"author":1,"featured_media":0,"parent":0,"menu_order":0,"comment_status":"closed","ping_status":"closed","template":"elementor_header_footer","meta":[],"yoast_head":"<!-- This site is optimized with the Yoast SEO plugin v15.2.1 - https:\/\/yoast.com\/wordpress\/plugins\/seo\/ -->\n<title>Executive Search | Rekrutacje | Szkolenia | LemonHR<\/title>\n<meta name=\"description\" content=\"Wspieramy firmy w rekrutacji manager\u00f3w i specjalist\u00f3w. Gwarantujemy naszym Klientom poufno\u015b\u0107, wiemy jak wa\u017cna w rekrutacji jest dyskrecja.\" \/>\n<meta name=\"robots\" content=\"index, follow, max-snippet:-1, max-image-preview:large, max-video-preview:-1\" \/>\n<link rel=\"canonical\" href=\"http:\/\/www.lemonhr.pl\/en\/services\/\" \/>\n<meta property=\"og:locale\" content=\"pl_PL\" \/>\n<meta property=\"og:type\" content=\"article\" \/>\n<meta property=\"og:title\" content=\"Executive Search | Rekrutacje | Szkolenia | LemonHR\" \/>\n<meta property=\"og:description\" content=\"Wspieramy firmy w rekrutacji manager\u00f3w i specjalist\u00f3w. Gwarantujemy naszym Klientom poufno\u015b\u0107, wiemy jak wa\u017cna w rekrutacji jest dyskrecja.\" \/>\n<meta property=\"og:url\" content=\"http:\/\/www.lemonhr.pl\/en\/services\/\" \/>\n<meta property=\"og:site_name\" content=\"LemonHR\" \/>\n<meta property=\"article:publisher\" content=\"https:\/\/www.facebook.com\/Lemon-HR-109998404236703\" \/>\n<meta property=\"article:modified_time\" content=\"2022-02-02T12:35:34+00:00\" \/>\n<meta property=\"og:image\" content=\"https:\/\/www.lemonhr.pl\/en\/wp-content\/uploads\/2020\/11\/Rekrutacja.jpg\" \/>\n<meta name=\"twitter:card\" content=\"summary_large_image\" \/>\n<meta name=\"twitter:label1\" content=\"Written by\">\n\t<meta name=\"twitter:data1\" content=\"admin\">\n\t<meta name=\"twitter:label2\" content=\"Est. reading time\">\n\t<meta name=\"twitter:data2\" content=\"0 minut\">\n<script type=\"application\/ld+json\" class=\"yoast-schema-graph\">{\"@context\":\"https:\/\/schema.org\",\"@graph\":[{\"@type\":\"Organization\",\"@id\":\"http:\/\/www.lemonhr.pl\/en\/#organization\",\"name\":\"LemonHR\",\"url\":\"http:\/\/www.lemonhr.pl\/en\/\",\"sameAs\":[\"https:\/\/www.facebook.com\/Lemon-HR-109998404236703\",\"https:\/\/www.linkedin.com\/company\/lemonhr\/\"],\"logo\":{\"@type\":\"ImageObject\",\"@id\":\"http:\/\/www.lemonhr.pl\/en\/#logo\",\"inLanguage\":\"pl-PL\",\"url\":\"http:\/\/www.lemonhr.pl\/en\/wp-content\/uploads\/2020\/09\/logotyp_lemonHR.png\",\"width\":339,\"height\":374,\"caption\":\"LemonHR\"},\"image\":{\"@id\":\"http:\/\/www.lemonhr.pl\/en\/#logo\"}},{\"@type\":\"WebSite\",\"@id\":\"http:\/\/www.lemonhr.pl\/en\/#website\",\"url\":\"http:\/\/www.lemonhr.pl\/en\/\",\"name\":\"LemonHR | Rekrutacje | Rozw\\u00f3j pracowniczy | Oferty pracy\",\"description\":\"Lemon Human Recources\",\"publisher\":{\"@id\":\"http:\/\/www.lemonhr.pl\/en\/#organization\"},\"potentialAction\":[{\"@type\":\"SearchAction\",\"target\":\"http:\/\/www.lemonhr.pl\/en\/?s={search_term_string}\",\"query-input\":\"required name=search_term_string\"}],\"inLanguage\":\"pl-PL\"},{\"@type\":\"ImageObject\",\"@id\":\"http:\/\/www.lemonhr.pl\/en\/services\/#primaryimage\",\"inLanguage\":\"pl-PL\",\"url\":\"https:\/\/www.lemonhr.pl\/en\/wp-content\/uploads\/2020\/11\/Rekrutacja.jpg\"},{\"@type\":\"WebPage\",\"@id\":\"http:\/\/www.lemonhr.pl\/en\/services\/#webpage\",\"url\":\"http:\/\/www.lemonhr.pl\/en\/services\/\",\"name\":\"Executive Search | Rekrutacje | Szkolenia | LemonHR\",\"isPartOf\":{\"@id\":\"http:\/\/www.lemonhr.pl\/en\/#website\"},\"primaryImageOfPage\":{\"@id\":\"http:\/\/www.lemonhr.pl\/en\/services\/#primaryimage\"},\"datePublished\":\"2021-02-06T19:23:59+00:00\",\"dateModified\":\"2022-02-02T12:35:34+00:00\",\"description\":\"Wspieramy firmy w rekrutacji manager\\u00f3w i specjalist\\u00f3w. Gwarantujemy naszym Klientom poufno\\u015b\\u0107, wiemy jak wa\\u017cna w rekrutacji jest dyskrecja.\",\"inLanguage\":\"pl-PL\",\"potentialAction\":[{\"@type\":\"ReadAction\",\"target\":[\"http:\/\/www.lemonhr.pl\/en\/services\/\"]}]}]}<\/script>\n<!-- \/ Yoast SEO plugin. -->","_links":{"self":[{"href":"http:\/\/www.lemonhr.pl\/en\/wp-json\/wp\/v2\/pages\/1524"}],"collection":[{"href":"http:\/\/www.lemonhr.pl\/en\/wp-json\/wp\/v2\/pages"}],"about":[{"href":"http:\/\/www.lemonhr.pl\/en\/wp-json\/wp\/v2\/types\/page"}],"author":[{"embeddable":true,"href":"http:\/\/www.lemonhr.pl\/en\/wp-json\/wp\/v2\/users\/1"}],"replies":[{"embeddable":true,"href":"http:\/\/www.lemonhr.pl\/en\/wp-json\/wp\/v2\/comments?post=1524"}],"version-history":[{"count":26,"href":"http:\/\/www.lemonhr.pl\/en\/wp-json\/wp\/v2\/pages\/1524\/revisions"}],"predecessor-version":[{"id":1918,"href":"http:\/\/www.lemonhr.pl\/en\/wp-json\/wp\/v2\/pages\/1524\/revisions\/1918"}],"wp:attachment":[{"href":"http:\/\/www.lemonhr.pl\/en\/wp-json\/wp\/v2\/media?parent=1524"}],"curies":[{"name":"wp","href":"https:\/\/api.w.org\/{rel}","templated":true}]}}