{"id":202,"date":"2020-09-25T12:59:28","date_gmt":"2020-09-25T12:59:28","guid":{"rendered":"http:\/\/www.lemonhr.pl\/en\/?page_id=202"},"modified":"2022-02-02T12:31:57","modified_gmt":"2022-02-02T12:31:57","slug":"recruitment","status":"publish","type":"page","link":"http:\/\/www.lemonhr.pl\/en\/recruitment\/","title":{"rendered":"A &#8211; Z RECRUITMENT PROCESS"},"content":{"rendered":"\t\t<div data-elementor-type=\"wp-page\" data-elementor-id=\"202\" class=\"elementor elementor-202\" data-elementor-settings=\"[]\">\n\t\t\t\t\t\t<div class=\"elementor-inner\">\n\t\t\t\t\t\t\t<div class=\"elementor-section-wrap\">\n\t\t\t\t\t\t\t<section class=\"elementor-section elementor-top-section elementor-element elementor-element-26215b50 elementor-section-boxed elementor-section-height-default elementor-section-height-default\" data-id=\"26215b50\" data-element_type=\"section\">\n\t\t\t\t\t\t<div class=\"elementor-container elementor-column-gap-default\">\n\t\t\t\t\t\t\t<div class=\"elementor-row\">\n\t\t\t\t\t<div class=\"elementor-column elementor-col-100 elementor-top-column elementor-element elementor-element-66cc3894\" data-id=\"66cc3894\" data-element_type=\"column\">\n\t\t\t<div class=\"elementor-column-wrap elementor-element-populated\">\n\t\t\t\t\t\t\t<div class=\"elementor-widget-wrap\">\n\t\t\t\t\t\t<section class=\"elementor-section elementor-inner-section elementor-element elementor-element-094acab elementor-section-boxed elementor-section-height-default elementor-section-height-default\" data-id=\"094acab\" data-element_type=\"section\">\n\t\t\t\t\t\t<div class=\"elementor-container elementor-column-gap-default\">\n\t\t\t\t\t\t\t<div class=\"elementor-row\">\n\t\t\t\t\t<div class=\"elementor-column elementor-col-100 elementor-inner-column elementor-element elementor-element-cf9b198\" data-id=\"cf9b198\" data-element_type=\"column\">\n\t\t\t<div class=\"elementor-column-wrap elementor-element-populated\">\n\t\t\t\t\t\t\t<div class=\"elementor-widget-wrap\">\n\t\t\t\t\t\t<div class=\"elementor-element elementor-element-3d77ec62 elementor-hidden-phone elementor-widget elementor-widget-text-editor\" data-id=\"3d77ec62\" data-element_type=\"widget\" data-widget_type=\"text-editor.default\">\n\t\t\t\t<div class=\"elementor-widget-container\">\n\t\t\t\t\t\t\t\t<div class=\"elementor-text-editor elementor-clearfix\">\n\t\t\t\t<!-- wp:paragraph -->\n<p><img loading=\"lazy\" class=\"wp-image-1208 size-vp_sm alignleft\" src=\"http:\/\/www.lemonhr.pl\/en\/wp-content\/uploads\/2020\/11\/Rekrutacja-500x261.jpg\" alt=\"\" width=\"500\" height=\"261\" srcset=\"http:\/\/www.lemonhr.pl\/en\/wp-content\/uploads\/2020\/11\/Rekrutacja-500x261.jpg 500w, http:\/\/www.lemonhr.pl\/en\/wp-content\/uploads\/2020\/11\/Rekrutacja-300x156.jpg 300w, http:\/\/www.lemonhr.pl\/en\/wp-content\/uploads\/2020\/11\/Rekrutacja-768x400.jpg 768w, http:\/\/www.lemonhr.pl\/en\/wp-content\/uploads\/2020\/11\/Rekrutacja-800x417.jpg 800w, http:\/\/www.lemonhr.pl\/en\/wp-content\/uploads\/2020\/11\/Rekrutacja-538x280.jpg 538w, http:\/\/www.lemonhr.pl\/en\/wp-content\/uploads\/2020\/11\/Rekrutacja.jpg 1000w\" sizes=\"(max-width: 500px) 100vw, 500px\" \/><\/p>\n<p>Recruitment for positions of all levels is conducted with the application of new technologies and social platforms, which enable acting on a dynamic labour market.<\/p>\n<p>Fast identification of skilled employees, recognizing unique professional competence and improved HR solutions were the key factors which resulted in our competitive advantage. <strong>By ordering us a staff selection service you get a complete service !<\/strong><\/p>\n<p>\u00a0<\/p>\n<p>Sharing your needs and requirements with us will do to get our support in reaching the desired employees with unique qualifications or experience, regardless of whether in Poland or abroad. Your decision who is to be chosen and taken on will be a sheer pleasure as we fulfilled all the tasks and met all requirements at earlier stages of the process.<\/p>\n<!-- \/wp:paragraph --><!-- wp:paragraph --><!-- \/wp:paragraph --><!-- wp:paragraph --><!-- \/wp:list -->\t\t\t\t\t<\/div>\n\t\t\t\t\t\t<\/div>\n\t\t\t\t<\/div>\n\t\t\t\t<div class=\"elementor-element elementor-element-9b9b974 elementor-hidden-desktop elementor-hidden-tablet elementor-widget elementor-widget-text-editor\" data-id=\"9b9b974\" data-element_type=\"widget\" data-widget_type=\"text-editor.default\">\n\t\t\t\t<div class=\"elementor-widget-container\">\n\t\t\t\t\t\t\t\t<div class=\"elementor-text-editor elementor-clearfix\">\n\t\t\t\t<!-- wp:paragraph -->\n<p style=\"text-align: left;\"><img loading=\"lazy\" class=\"wp-image-1208 size-vp_sm alignleft\" src=\"http:\/\/www.lemonhr.pl\/en\/wp-content\/uploads\/2020\/11\/Rekrutacja-500x261.jpg\" alt=\"\" width=\"500\" height=\"261\" srcset=\"http:\/\/www.lemonhr.pl\/en\/wp-content\/uploads\/2020\/11\/Rekrutacja-500x261.jpg 500w, http:\/\/www.lemonhr.pl\/en\/wp-content\/uploads\/2020\/11\/Rekrutacja-300x156.jpg 300w, http:\/\/www.lemonhr.pl\/en\/wp-content\/uploads\/2020\/11\/Rekrutacja-768x400.jpg 768w, http:\/\/www.lemonhr.pl\/en\/wp-content\/uploads\/2020\/11\/Rekrutacja-800x417.jpg 800w, http:\/\/www.lemonhr.pl\/en\/wp-content\/uploads\/2020\/11\/Rekrutacja-538x280.jpg 538w, http:\/\/www.lemonhr.pl\/en\/wp-content\/uploads\/2020\/11\/Rekrutacja.jpg 1000w\" sizes=\"(max-width: 500px) 100vw, 500px\" \/><\/p>\n<p>Recruitment for positions of all levels is conducted with the application of new technologies and social platforms, which enable acting on a dynamic labour market.<\/p>\n<p>Fast identification of skilled employees, recognizing unique professional competence and improved HR solutions were the key factors which resulted in our competitive advantage. <strong>By ordering us a staff selection service you get a complete service !<\/strong><\/p>\n<p>\u00a0<\/p>\n<p>Sharing your needs and requirements with us will do to get our support in reaching the desired employees with unique qualifications or experience, regardless of whether in Poland or abroad. Your decision who is to be chosen and taken on will be a sheer pleasure as we fulfilled all the tasks and met all requirements at earlier stages of the process.<\/p>\t\t\t\t\t<\/div>\n\t\t\t\t\t\t<\/div>\n\t\t\t\t<\/div>\n\t\t\t\t\t\t<\/div>\n\t\t\t\t\t<\/div>\n\t\t<\/div>\n\t\t\t\t\t\t\t\t<\/div>\n\t\t\t\t\t<\/div>\n\t\t<\/section>\n\t\t\t\t<section class=\"elementor-section elementor-inner-section elementor-element elementor-element-489a442 elementor-section-boxed elementor-section-height-default elementor-section-height-default\" data-id=\"489a442\" data-element_type=\"section\">\n\t\t\t\t\t\t<div class=\"elementor-container elementor-column-gap-default\">\n\t\t\t\t\t\t\t<div class=\"elementor-row\">\n\t\t\t\t\t<div class=\"elementor-column elementor-col-100 elementor-inner-column elementor-element elementor-element-81ea375\" data-id=\"81ea375\" data-element_type=\"column\">\n\t\t\t<div class=\"elementor-column-wrap elementor-element-populated\">\n\t\t\t\t\t\t\t<div class=\"elementor-widget-wrap\">\n\t\t\t\t\t\t<div class=\"elementor-element elementor-element-89df512 elementor-widget elementor-widget-shortcode\" data-id=\"89df512\" data-element_type=\"widget\" data-widget_type=\"shortcode.default\">\n\t\t\t\t<div class=\"elementor-widget-container\">\n\t\t\t\t\t<div class=\"elementor-shortcode\"><script src=\"https:\/\/ajax.googleapis.com\/ajax\/libs\/webfont\/1.5.10\/webfont.js\"><\/script><script type=\"text\/javascript\">\r\nWebFont.load({\r\n\tgoogle: {families:[''],\r\n        api: '\/fonts\/api'} \r\n})\r\n<\/script> <style type=\"text\/css\"><\/style><\/div>\n\t\t\t\t<\/div>\n\t\t\t\t<\/div>\n\t\t\t\t<div class=\"elementor-element elementor-element-72c8f89 elementor-widget elementor-widget-heading\" data-id=\"72c8f89\" data-element_type=\"widget\" data-widget_type=\"heading.default\">\n\t\t\t\t<div class=\"elementor-widget-container\">\n\t\t\t<h2 class=\"elementor-heading-title elementor-size-default\">Other services<\/h2>\t\t<\/div>\n\t\t\t\t<\/div>\n\t\t\t\t<div class=\"elementor-element elementor-element-0ce0b30 elementor-widget elementor-widget-eael-image-accordion\" data-id=\"0ce0b30\" data-element_type=\"widget\" data-widget_type=\"eael-image-accordion.default\">\n\t\t\t\t<div class=\"elementor-widget-container\">\n\t\t\t<div class=\"eael-img-accordion accordion-direction-horizontal eael-img-accordion-horizontal-align-center eael-img-accordion-vertical-align-center\" data-img-accordion-id=\"0ce0b30\" data-img-accordion-type=\"on-hover\" id=\"eael-img-accordion-0ce0b30\"><a\n                    href=\"http:\/\/www.lemonhr.pl\/en\/employee-development\"  \n                    style=\"background-image: url(http:\/\/www.lemonhr.pl\/en\/wp-content\/uploads\/2020\/09\/shutterstock_1154470882www-scaled-e1603815042697.jpg);\"\n                    \n                >\n\t\t            <div class=\"overlay\">\n\t\t                <div class=\"overlay-inner\">\n                            <div class=\"overlay-inner\">\n                                <h2>Employee development<\/h2>\n                                <p><\/p>\n                            <\/div>\n                        <\/div>\n\t\t            <\/div>\n\t\t          <\/a><a\n                    href=\"http:\/\/www.lemonhr.pl\/en\/temporary-work\"  \n                    style=\"background-image: url(http:\/\/www.lemonhr.pl\/en\/wp-content\/uploads\/2020\/11\/shutterstock_278031029-scaled.jpg);\"\n                    \n                >\n\t\t            <div class=\"overlay\">\n\t\t                <div class=\"overlay-inner\">\n                            <div class=\"overlay-inner\">\n                                <h2>Temporary work<\/h2>\n                                <p><\/p>\n                            <\/div>\n                        <\/div>\n\t\t            <\/div>\n\t\t          <\/a><\/div><style typr=\"text\/css\">\n                    #eael-img-accordion-0ce0b30 a:hover {\n                        flex: 3 1 0% !important;\n                    }\n                    #eael-img-accordion-0ce0b30 a:hover .overlay-inner * {\n                        opacity: 1;\n                        visibility: visible;\n                        transform: none;\n                        transition: all .3s .3s;\n                    }\n                <\/style>\t\t<\/div>\n\t\t\t\t<\/div>\n\t\t\t\t\t\t<\/div>\n\t\t\t\t\t<\/div>\n\t\t<\/div>\n\t\t\t\t\t\t\t\t<\/div>\n\t\t\t\t\t<\/div>\n\t\t<\/section>\n\t\t\t\t\t\t<\/div>\n\t\t\t\t\t<\/div>\n\t\t<\/div>\n\t\t\t\t\t\t\t\t<\/div>\n\t\t\t\t\t<\/div>\n\t\t<\/section>\n\t\t\t\t<section class=\"elementor-section elementor-top-section elementor-element elementor-element-e656afd elementor-section-boxed elementor-section-height-default elementor-section-height-default\" data-id=\"e656afd\" data-element_type=\"section\">\n\t\t\t\t\t\t<div class=\"elementor-container elementor-column-gap-default\">\n\t\t\t\t\t\t\t<div class=\"elementor-row\">\n\t\t\t\t\t<div class=\"elementor-column elementor-col-100 elementor-top-column elementor-element elementor-element-a78517b\" data-id=\"a78517b\" data-element_type=\"column\">\n\t\t\t<div class=\"elementor-column-wrap\">\n\t\t\t\t\t\t\t<div class=\"elementor-widget-wrap\">\n\t\t\t\t\t\t\t\t<\/div>\n\t\t\t\t\t<\/div>\n\t\t<\/div>\n\t\t\t\t\t\t\t\t<\/div>\n\t\t\t\t\t<\/div>\n\t\t<\/section>\n\t\t\t\t\t\t<\/div>\n\t\t\t\t\t\t<\/div>\n\t\t\t\t\t<\/div>\n\t\t","protected":false},"excerpt":{"rendered":"<p><font color=\"#ffffff\">.<\/font><\/p>\n","protected":false},"author":1,"featured_media":1092,"parent":0,"menu_order":0,"comment_status":"closed","ping_status":"closed","template":"","meta":[],"yoast_head":"<!-- This site is optimized with the Yoast SEO plugin v15.2.1 - https:\/\/yoast.com\/wordpress\/plugins\/seo\/ -->\n<title>A - Z RECRUITMENT PROCESS &ndash; LemonHR<\/title>\n<meta name=\"description\" content=\"Realizujemy rekrutacje na stanowiska wszelkich poziom\u00f3w z zastosowaniem najnowszych technologii i platform spo\u0142eczno\u015bciowych. Dzi\u0119ki temu sprawnie i szybko pozyskujemy odpowiednich kandydat\u00f3w. Zapraszamy do wsp\u00f3\u0142pracy.\" \/>\n<meta name=\"robots\" content=\"index, follow, max-snippet:-1, max-image-preview:large, max-video-preview:-1\" \/>\n<link rel=\"canonical\" href=\"http:\/\/www.lemonhr.pl\/en\/recruitment\/\" \/>\n<meta property=\"og:locale\" content=\"pl_PL\" \/>\n<meta property=\"og:type\" content=\"article\" \/>\n<meta property=\"og:title\" content=\"A - Z RECRUITMENT PROCESS &ndash; LemonHR\" \/>\n<meta property=\"og:description\" content=\"Realizujemy rekrutacje na stanowiska wszelkich poziom\u00f3w z zastosowaniem najnowszych technologii i platform spo\u0142eczno\u015bciowych. Dzi\u0119ki temu sprawnie i szybko pozyskujemy odpowiednich kandydat\u00f3w. Zapraszamy do wsp\u00f3\u0142pracy.\" \/>\n<meta property=\"og:url\" content=\"http:\/\/www.lemonhr.pl\/en\/recruitment\/\" \/>\n<meta property=\"og:site_name\" content=\"LemonHR\" \/>\n<meta property=\"article:publisher\" content=\"https:\/\/www.facebook.com\/Lemon-HR-109998404236703\" \/>\n<meta property=\"article:modified_time\" content=\"2022-02-02T12:31:57+00:00\" \/>\n<meta property=\"og:image\" content=\"http:\/\/www.lemonhr.pl\/en\/wp-content\/uploads\/2020\/11\/shutterstock_540878149-scaled-e1606164051519.jpg\" \/>\n\t<meta property=\"og:image:width\" content=\"1200\" \/>\n\t<meta property=\"og:image:height\" content=\"692\" \/>\n<meta name=\"twitter:card\" content=\"summary_large_image\" \/>\n<meta name=\"twitter:label1\" content=\"Written by\">\n\t<meta name=\"twitter:data1\" content=\"admin\">\n\t<meta name=\"twitter:label2\" content=\"Est. reading time\">\n\t<meta name=\"twitter:data2\" content=\"1 minuta\">\n<script type=\"application\/ld+json\" class=\"yoast-schema-graph\">{\"@context\":\"https:\/\/schema.org\",\"@graph\":[{\"@type\":\"Organization\",\"@id\":\"http:\/\/www.lemonhr.pl\/en\/#organization\",\"name\":\"LemonHR\",\"url\":\"http:\/\/www.lemonhr.pl\/en\/\",\"sameAs\":[\"https:\/\/www.facebook.com\/Lemon-HR-109998404236703\",\"https:\/\/www.linkedin.com\/company\/lemonhr\/\"],\"logo\":{\"@type\":\"ImageObject\",\"@id\":\"http:\/\/www.lemonhr.pl\/en\/#logo\",\"inLanguage\":\"pl-PL\",\"url\":\"http:\/\/www.lemonhr.pl\/en\/wp-content\/uploads\/2020\/09\/logotyp_lemonHR.png\",\"width\":339,\"height\":374,\"caption\":\"LemonHR\"},\"image\":{\"@id\":\"http:\/\/www.lemonhr.pl\/en\/#logo\"}},{\"@type\":\"WebSite\",\"@id\":\"http:\/\/www.lemonhr.pl\/en\/#website\",\"url\":\"http:\/\/www.lemonhr.pl\/en\/\",\"name\":\"LemonHR | Rekrutacje | Rozw\\u00f3j pracowniczy | Oferty pracy\",\"description\":\"Lemon Human Recources\",\"publisher\":{\"@id\":\"http:\/\/www.lemonhr.pl\/en\/#organization\"},\"potentialAction\":[{\"@type\":\"SearchAction\",\"target\":\"http:\/\/www.lemonhr.pl\/en\/?s={search_term_string}\",\"query-input\":\"required name=search_term_string\"}],\"inLanguage\":\"pl-PL\"},{\"@type\":\"ImageObject\",\"@id\":\"http:\/\/www.lemonhr.pl\/en\/recruitment\/#primaryimage\",\"inLanguage\":\"pl-PL\",\"url\":\"http:\/\/www.lemonhr.pl\/en\/wp-content\/uploads\/2020\/11\/shutterstock_540878149-scaled-e1606164051519.jpg\",\"width\":1200,\"height\":692,\"caption\":\"Rekrutacja od A do Z\"},{\"@type\":\"WebPage\",\"@id\":\"http:\/\/www.lemonhr.pl\/en\/recruitment\/#webpage\",\"url\":\"http:\/\/www.lemonhr.pl\/en\/recruitment\/\",\"name\":\"A - Z RECRUITMENT PROCESS &ndash; LemonHR\",\"isPartOf\":{\"@id\":\"http:\/\/www.lemonhr.pl\/en\/#website\"},\"primaryImageOfPage\":{\"@id\":\"http:\/\/www.lemonhr.pl\/en\/recruitment\/#primaryimage\"},\"datePublished\":\"2020-09-25T12:59:28+00:00\",\"dateModified\":\"2022-02-02T12:31:57+00:00\",\"description\":\"Realizujemy rekrutacje na stanowiska wszelkich poziom\\u00f3w z zastosowaniem najnowszych technologii i platform spo\\u0142eczno\\u015bciowych. Dzi\\u0119ki temu sprawnie i szybko pozyskujemy odpowiednich kandydat\\u00f3w. Zapraszamy do wsp\\u00f3\\u0142pracy.\",\"inLanguage\":\"pl-PL\",\"potentialAction\":[{\"@type\":\"ReadAction\",\"target\":[\"http:\/\/www.lemonhr.pl\/en\/recruitment\/\"]}]}]}<\/script>\n<!-- \/ Yoast SEO plugin. -->","_links":{"self":[{"href":"http:\/\/www.lemonhr.pl\/en\/wp-json\/wp\/v2\/pages\/202"}],"collection":[{"href":"http:\/\/www.lemonhr.pl\/en\/wp-json\/wp\/v2\/pages"}],"about":[{"href":"http:\/\/www.lemonhr.pl\/en\/wp-json\/wp\/v2\/types\/page"}],"author":[{"embeddable":true,"href":"http:\/\/www.lemonhr.pl\/en\/wp-json\/wp\/v2\/users\/1"}],"replies":[{"embeddable":true,"href":"http:\/\/www.lemonhr.pl\/en\/wp-json\/wp\/v2\/comments?post=202"}],"version-history":[{"count":67,"href":"http:\/\/www.lemonhr.pl\/en\/wp-json\/wp\/v2\/pages\/202\/revisions"}],"predecessor-version":[{"id":1996,"href":"http:\/\/www.lemonhr.pl\/en\/wp-json\/wp\/v2\/pages\/202\/revisions\/1996"}],"wp:featuredmedia":[{"embeddable":true,"href":"http:\/\/www.lemonhr.pl\/en\/wp-json\/wp\/v2\/media\/1092"}],"wp:attachment":[{"href":"http:\/\/www.lemonhr.pl\/en\/wp-json\/wp\/v2\/media?parent=202"}],"curies":[{"name":"wp","href":"https:\/\/api.w.org\/{rel}","templated":true}]}}