{"id":205,"date":"2020-09-25T13:02:42","date_gmt":"2020-09-25T13:02:42","guid":{"rendered":"http:\/\/www.lemonhr.pl\/en\/?page_id=205"},"modified":"2022-02-02T12:32:49","modified_gmt":"2022-02-02T12:32:49","slug":"employee-development","status":"publish","type":"page","link":"http:\/\/www.lemonhr.pl\/en\/employee-development\/","title":{"rendered":"EMPLOYEE DEVELOPMENT"},"content":{"rendered":"\t\t<div data-elementor-type=\"wp-page\" data-elementor-id=\"205\" class=\"elementor elementor-205\" data-elementor-settings=\"[]\">\n\t\t\t\t\t\t<div class=\"elementor-inner\">\n\t\t\t\t\t\t\t<div class=\"elementor-section-wrap\">\n\t\t\t\t\t\t\t<section class=\"elementor-section elementor-top-section elementor-element elementor-element-2e3f4c7f elementor-section-boxed elementor-section-height-default elementor-section-height-default\" data-id=\"2e3f4c7f\" data-element_type=\"section\">\n\t\t\t\t\t\t<div class=\"elementor-container elementor-column-gap-default\">\n\t\t\t\t\t\t\t<div class=\"elementor-row\">\n\t\t\t\t\t<div class=\"elementor-column elementor-col-100 elementor-top-column elementor-element elementor-element-6e7cd6da\" data-id=\"6e7cd6da\" data-element_type=\"column\">\n\t\t\t<div class=\"elementor-column-wrap elementor-element-populated\">\n\t\t\t\t\t\t\t<div class=\"elementor-widget-wrap\">\n\t\t\t\t\t\t<section class=\"elementor-section elementor-inner-section elementor-element elementor-element-cdd0e8a elementor-section-boxed elementor-section-height-default elementor-section-height-default\" data-id=\"cdd0e8a\" data-element_type=\"section\">\n\t\t\t\t\t\t<div class=\"elementor-container elementor-column-gap-default\">\n\t\t\t\t\t\t\t<div class=\"elementor-row\">\n\t\t\t\t\t<div class=\"elementor-column elementor-col-100 elementor-inner-column elementor-element elementor-element-36481c1\" data-id=\"36481c1\" data-element_type=\"column\">\n\t\t\t<div class=\"elementor-column-wrap elementor-element-populated\">\n\t\t\t\t\t\t\t<div class=\"elementor-widget-wrap\">\n\t\t\t\t\t\t<div class=\"elementor-element elementor-element-41153459 elementor-hidden-phone elementor-widget elementor-widget-text-editor\" data-id=\"41153459\" data-element_type=\"widget\" data-widget_type=\"text-editor.default\">\n\t\t\t\t<div class=\"elementor-widget-container\">\n\t\t\t\t\t\t\t\t<div class=\"elementor-text-editor elementor-clearfix\">\n\t\t\t\t<p><img loading=\"lazy\" class=\"alignleft wp-image-1204\" src=\"http:\/\/www.lemonhr.pl\/en\/wp-content\/uploads\/2020\/11\/Rozwoj-500x260.jpg\" alt=\"\" width=\"500\" height=\"260\" srcset=\"http:\/\/www.lemonhr.pl\/en\/wp-content\/uploads\/2020\/11\/Rozwoj-500x260.jpg 500w, http:\/\/www.lemonhr.pl\/en\/wp-content\/uploads\/2020\/11\/Rozwoj-300x156.jpg 300w, http:\/\/www.lemonhr.pl\/en\/wp-content\/uploads\/2020\/11\/Rozwoj-768x399.jpg 768w, http:\/\/www.lemonhr.pl\/en\/wp-content\/uploads\/2020\/11\/Rozwoj-800x416.jpg 800w, http:\/\/www.lemonhr.pl\/en\/wp-content\/uploads\/2020\/11\/Rozwoj-538x280.jpg 538w, http:\/\/www.lemonhr.pl\/en\/wp-content\/uploads\/2020\/11\/Rozwoj.jpg 1000w\" sizes=\"(max-width: 500px) 100vw, 500px\" \/><\/p><p style=\"text-align: justify;\">The 21 st century, facilitation of access to information and easy communication make it necessary to take a multidimensional view on employees, namely on their motivation, expectations or compatibility with the company and position.<\/p><p style=\"text-align: justify;\">For many years the largest corporations have been creating departments, looking for solutions and tools which could make them understand better how strong and motivated staff is. It is acomplicated process demanding time and money not only while getting the knowledge but, what is even more important, creating further procedures and systems.<\/p><p><strong>Thanks to LemonHR a lot of solutions that Company \/ Management \/ Managers were not able to initiate due to the lack of time or experience, are now available.<\/strong> Employee opinion survey, assessment of professional effectiveness, work quality measures, training required, outplacement programme, individual coaching and audit of internal company processes are the examples of HR area, which we can help and share our rich experience with.<\/p>\t\t\t\t\t<\/div>\n\t\t\t\t\t\t<\/div>\n\t\t\t\t<\/div>\n\t\t\t\t<div class=\"elementor-element elementor-element-e96f55c elementor-hidden-desktop elementor-hidden-tablet elementor-widget elementor-widget-text-editor\" data-id=\"e96f55c\" data-element_type=\"widget\" data-widget_type=\"text-editor.default\">\n\t\t\t\t<div class=\"elementor-widget-container\">\n\t\t\t\t\t\t\t\t<div class=\"elementor-text-editor elementor-clearfix\">\n\t\t\t\t<p style=\"text-align: left;\"><img loading=\"lazy\" class=\"wp-image-1204 size-vp_sm aligncenter\" src=\"http:\/\/www.lemonhr.pl\/en\/wp-content\/uploads\/2020\/11\/Rozwoj-500x260.jpg\" alt=\"\" width=\"500\" height=\"260\" srcset=\"http:\/\/www.lemonhr.pl\/en\/wp-content\/uploads\/2020\/11\/Rozwoj-500x260.jpg 500w, http:\/\/www.lemonhr.pl\/en\/wp-content\/uploads\/2020\/11\/Rozwoj-300x156.jpg 300w, http:\/\/www.lemonhr.pl\/en\/wp-content\/uploads\/2020\/11\/Rozwoj-768x399.jpg 768w, http:\/\/www.lemonhr.pl\/en\/wp-content\/uploads\/2020\/11\/Rozwoj-800x416.jpg 800w, http:\/\/www.lemonhr.pl\/en\/wp-content\/uploads\/2020\/11\/Rozwoj-538x280.jpg 538w, http:\/\/www.lemonhr.pl\/en\/wp-content\/uploads\/2020\/11\/Rozwoj.jpg 1000w\" sizes=\"(max-width: 500px) 100vw, 500px\" \/><\/p><p>The 21 st century, facilitation of access to information and easy communication make it necessary to take a multidimensional view on employees, namely on their motivation, expectations or compatibility with the company and position.<\/p><p>For many years the largest corporations have been creating departments, looking for solutions and tools which could make them understand better how strong and motivated staff is. It is acomplicated process demanding time and money not only while getting the knowledge but, what is even more important, creating further procedures and systems.<\/p><p><strong>Thanks to LemonHR a lot of solutions that Company \/ Management \/ Managers were not able to initiate due to the lack of time or experience, are now available.<\/strong> Employee opinion survey, assessment of professional effectiveness, work quality measures, training required, outplacement programme, individual coaching and audit of internal company processes are the examples of HR area, which we can help and share our rich experience with.<\/p>\t\t\t\t\t<\/div>\n\t\t\t\t\t\t<\/div>\n\t\t\t\t<\/div>\n\t\t\t\t\t\t<\/div>\n\t\t\t\t\t<\/div>\n\t\t<\/div>\n\t\t\t\t\t\t\t\t<\/div>\n\t\t\t\t\t<\/div>\n\t\t<\/section>\n\t\t\t\t<section class=\"elementor-section elementor-inner-section elementor-element elementor-element-7db9ba9 elementor-section-boxed elementor-section-height-default elementor-section-height-default\" data-id=\"7db9ba9\" data-element_type=\"section\">\n\t\t\t\t\t\t<div class=\"elementor-container elementor-column-gap-default\">\n\t\t\t\t\t\t\t<div class=\"elementor-row\">\n\t\t\t\t\t<div class=\"elementor-column elementor-col-100 elementor-inner-column elementor-element elementor-element-2cce61b\" data-id=\"2cce61b\" data-element_type=\"column\">\n\t\t\t<div class=\"elementor-column-wrap elementor-element-populated\">\n\t\t\t\t\t\t\t<div class=\"elementor-widget-wrap\">\n\t\t\t\t\t\t<div class=\"elementor-element elementor-element-387b827 elementor-widget elementor-widget-shortcode\" data-id=\"387b827\" data-element_type=\"widget\" data-widget_type=\"shortcode.default\">\n\t\t\t\t<div class=\"elementor-widget-container\">\n\t\t\t\t\t<div class=\"elementor-shortcode\"><script src=\"https:\/\/ajax.googleapis.com\/ajax\/libs\/webfont\/1.5.10\/webfont.js\"><\/script><script type=\"text\/javascript\">\r\nWebFont.load({\r\n\tgoogle: {families:[''],\r\n        api: '\/fonts\/api'} \r\n})\r\n<\/script> <style type=\"text\/css\"><\/style><\/div>\n\t\t\t\t<\/div>\n\t\t\t\t<\/div>\n\t\t\t\t<div class=\"elementor-element elementor-element-9a99f02 elementor-widget elementor-widget-heading\" data-id=\"9a99f02\" data-element_type=\"widget\" data-widget_type=\"heading.default\">\n\t\t\t\t<div class=\"elementor-widget-container\">\n\t\t\t<h2 class=\"elementor-heading-title elementor-size-default\">Other services<\/h2>\t\t<\/div>\n\t\t\t\t<\/div>\n\t\t\t\t<div class=\"elementor-element elementor-element-cae8a6e elementor-widget elementor-widget-eael-image-accordion\" data-id=\"cae8a6e\" data-element_type=\"widget\" data-widget_type=\"eael-image-accordion.default\">\n\t\t\t\t<div class=\"elementor-widget-container\">\n\t\t\t<div class=\"eael-img-accordion accordion-direction-horizontal eael-img-accordion-horizontal-align-center eael-img-accordion-vertical-align-center\" data-img-accordion-id=\"cae8a6e\" data-img-accordion-type=\"on-hover\" id=\"eael-img-accordion-cae8a6e\"><a\n                    href=\"http:\/\/www.lemonhr.pl\/en\/recruitment\"  \n                    style=\"background-image: url(http:\/\/www.lemonhr.pl\/en\/wp-content\/uploads\/2020\/11\/shutterstock_540878149-scaled.jpg);\"\n                    \n                >\n\t\t            <div class=\"overlay\">\n\t\t                <div class=\"overlay-inner\">\n                            <div class=\"overlay-inner\">\n                                <h2>A - Z Recruitment process<\/h2>\n                                <p><\/p>\n                            <\/div>\n                        <\/div>\n\t\t            <\/div>\n\t\t          <\/a><a\n                    href=\"http:\/\/www.lemonhr.pl\/en\/temporary-work\"  \n                    style=\"background-image: url(http:\/\/www.lemonhr.pl\/en\/wp-content\/uploads\/2020\/11\/shutterstock_278031029-scaled.jpg);\"\n                    \n                >\n\t\t            <div class=\"overlay\">\n\t\t                <div class=\"overlay-inner\">\n                            <div class=\"overlay-inner\">\n                                <h2>Temporary work<\/h2>\n                                <p><\/p>\n                            <\/div>\n                        <\/div>\n\t\t            <\/div>\n\t\t          <\/a><\/div><style typr=\"text\/css\">\n                    #eael-img-accordion-cae8a6e a:hover {\n                        flex: 3 1 0% !important;\n                    }\n                    #eael-img-accordion-cae8a6e a:hover .overlay-inner * {\n                        opacity: 1;\n                        visibility: visible;\n                        transform: none;\n                        transition: all .3s .3s;\n                    }\n                <\/style>\t\t<\/div>\n\t\t\t\t<\/div>\n\t\t\t\t\t\t<\/div>\n\t\t\t\t\t<\/div>\n\t\t<\/div>\n\t\t\t\t\t\t\t\t<\/div>\n\t\t\t\t\t<\/div>\n\t\t<\/section>\n\t\t\t\t\t\t<\/div>\n\t\t\t\t\t<\/div>\n\t\t<\/div>\n\t\t\t\t\t\t\t\t<\/div>\n\t\t\t\t\t<\/div>\n\t\t<\/section>\n\t\t\t\t\t\t<\/div>\n\t\t\t\t\t\t<\/div>\n\t\t\t\t\t<\/div>\n\t\t","protected":false},"excerpt":{"rendered":"<p><font color=\"#ffffff\">.<\/font><\/p>\n","protected":false},"author":1,"featured_media":580,"parent":0,"menu_order":0,"comment_status":"closed","ping_status":"closed","template":"","meta":[],"yoast_head":"<!-- This site is optimized with the Yoast SEO plugin v15.2.1 - https:\/\/yoast.com\/wordpress\/plugins\/seo\/ -->\n<title>EMPLOYEE DEVELOPMENT &ndash; LemonHR<\/title>\n<meta name=\"description\" content=\"Dzi\u0119ki LemonHR wiele rozwi\u0105za\u0144, kt\u00f3rych Firma \/ Zarz\u0105d \/ Kierownicy nie mog\u0105 samodzielnie zainicjowa\u0107 ze wzgl\u0119du naograniczenia czasu, czy po prostu brak do\u015bwiadczenia, jest teraz w zasi\u0119gu. Badania opinii pracowniczej, ocena efektywno\u015bci zawodowej, mierniki jako\u015bci pracy, potrzeby szkoleniowe, program outplacement, indywidualny coaching, audyt proces\u00f3w wewn\u0105trz firmowych to przyk\u0142ady obszar\u00f3w z zakresu HR, w kt\u00f3rych mo\u017cemy pom\u00f3c i podzieli\u0107 si\u0119 swoim szerokim do\u015bwiadczeniem.\" \/>\n<meta name=\"robots\" content=\"index, follow, max-snippet:-1, max-image-preview:large, max-video-preview:-1\" \/>\n<link rel=\"canonical\" href=\"http:\/\/www.lemonhr.pl\/en\/employee-development\/\" \/>\n<meta property=\"og:locale\" content=\"pl_PL\" \/>\n<meta property=\"og:type\" content=\"article\" \/>\n<meta property=\"og:title\" content=\"EMPLOYEE DEVELOPMENT &ndash; LemonHR\" \/>\n<meta property=\"og:description\" content=\"Dzi\u0119ki LemonHR wiele rozwi\u0105za\u0144, kt\u00f3rych Firma \/ Zarz\u0105d \/ Kierownicy nie mog\u0105 samodzielnie zainicjowa\u0107 ze wzgl\u0119du naograniczenia czasu, czy po prostu brak do\u015bwiadczenia, jest teraz w zasi\u0119gu. Badania opinii pracowniczej, ocena efektywno\u015bci zawodowej, mierniki jako\u015bci pracy, potrzeby szkoleniowe, program outplacement, indywidualny coaching, audyt proces\u00f3w wewn\u0105trz firmowych to przyk\u0142ady obszar\u00f3w z zakresu HR, w kt\u00f3rych mo\u017cemy pom\u00f3c i podzieli\u0107 si\u0119 swoim szerokim do\u015bwiadczeniem.\" \/>\n<meta property=\"og:url\" content=\"http:\/\/www.lemonhr.pl\/en\/employee-development\/\" \/>\n<meta property=\"og:site_name\" content=\"LemonHR\" \/>\n<meta property=\"article:publisher\" content=\"https:\/\/www.facebook.com\/Lemon-HR-109998404236703\" \/>\n<meta property=\"article:modified_time\" content=\"2022-02-02T12:32:49+00:00\" \/>\n<meta property=\"og:image\" content=\"http:\/\/www.lemonhr.pl\/en\/wp-content\/uploads\/2020\/09\/shutterstock_1154470882www-scaled-e1604531179323.jpg\" \/>\n\t<meta property=\"og:image:width\" content=\"620\" \/>\n\t<meta property=\"og:image:height\" content=\"384\" \/>\n<meta name=\"twitter:card\" content=\"summary_large_image\" \/>\n<meta name=\"twitter:label1\" content=\"Written by\">\n\t<meta name=\"twitter:data1\" content=\"admin\">\n\t<meta name=\"twitter:label2\" content=\"Est. reading time\">\n\t<meta name=\"twitter:data2\" content=\"1 minuta\">\n<script type=\"application\/ld+json\" class=\"yoast-schema-graph\">{\"@context\":\"https:\/\/schema.org\",\"@graph\":[{\"@type\":\"Organization\",\"@id\":\"http:\/\/www.lemonhr.pl\/en\/#organization\",\"name\":\"LemonHR\",\"url\":\"http:\/\/www.lemonhr.pl\/en\/\",\"sameAs\":[\"https:\/\/www.facebook.com\/Lemon-HR-109998404236703\",\"https:\/\/www.linkedin.com\/company\/lemonhr\/\"],\"logo\":{\"@type\":\"ImageObject\",\"@id\":\"http:\/\/www.lemonhr.pl\/en\/#logo\",\"inLanguage\":\"pl-PL\",\"url\":\"http:\/\/www.lemonhr.pl\/en\/wp-content\/uploads\/2020\/09\/logotyp_lemonHR.png\",\"width\":339,\"height\":374,\"caption\":\"LemonHR\"},\"image\":{\"@id\":\"http:\/\/www.lemonhr.pl\/en\/#logo\"}},{\"@type\":\"WebSite\",\"@id\":\"http:\/\/www.lemonhr.pl\/en\/#website\",\"url\":\"http:\/\/www.lemonhr.pl\/en\/\",\"name\":\"LemonHR | Rekrutacje | Rozw\\u00f3j pracowniczy | Oferty pracy\",\"description\":\"Lemon Human Recources\",\"publisher\":{\"@id\":\"http:\/\/www.lemonhr.pl\/en\/#organization\"},\"potentialAction\":[{\"@type\":\"SearchAction\",\"target\":\"http:\/\/www.lemonhr.pl\/en\/?s={search_term_string}\",\"query-input\":\"required name=search_term_string\"}],\"inLanguage\":\"pl-PL\"},{\"@type\":\"ImageObject\",\"@id\":\"http:\/\/www.lemonhr.pl\/en\/employee-development\/#primaryimage\",\"inLanguage\":\"pl-PL\",\"url\":\"http:\/\/www.lemonhr.pl\/en\/wp-content\/uploads\/2020\/09\/shutterstock_1154470882www-scaled-e1604531179323.jpg\",\"width\":620,\"height\":384,\"caption\":\"Rozw\\u00f3j pracowniczy\"},{\"@type\":\"WebPage\",\"@id\":\"http:\/\/www.lemonhr.pl\/en\/employee-development\/#webpage\",\"url\":\"http:\/\/www.lemonhr.pl\/en\/employee-development\/\",\"name\":\"EMPLOYEE DEVELOPMENT &ndash; LemonHR\",\"isPartOf\":{\"@id\":\"http:\/\/www.lemonhr.pl\/en\/#website\"},\"primaryImageOfPage\":{\"@id\":\"http:\/\/www.lemonhr.pl\/en\/employee-development\/#primaryimage\"},\"datePublished\":\"2020-09-25T13:02:42+00:00\",\"dateModified\":\"2022-02-02T12:32:49+00:00\",\"description\":\"Dzi\\u0119ki LemonHR wiele rozwi\\u0105za\\u0144, kt\\u00f3rych Firma \/ Zarz\\u0105d \/ Kierownicy nie mog\\u0105 samodzielnie zainicjowa\\u0107 ze wzgl\\u0119du naograniczenia czasu, czy po prostu brak do\\u015bwiadczenia, jest teraz w zasi\\u0119gu. Badania opinii pracowniczej, ocena efektywno\\u015bci zawodowej, mierniki jako\\u015bci pracy, potrzeby szkoleniowe, program outplacement, indywidualny coaching, audyt proces\\u00f3w wewn\\u0105trz firmowych to przyk\\u0142ady obszar\\u00f3w z zakresu HR, w kt\\u00f3rych mo\\u017cemy pom\\u00f3c i podzieli\\u0107 si\\u0119 swoim szerokim do\\u015bwiadczeniem.\",\"inLanguage\":\"pl-PL\",\"potentialAction\":[{\"@type\":\"ReadAction\",\"target\":[\"http:\/\/www.lemonhr.pl\/en\/employee-development\/\"]}]}]}<\/script>\n<!-- \/ Yoast SEO plugin. -->","_links":{"self":[{"href":"http:\/\/www.lemonhr.pl\/en\/wp-json\/wp\/v2\/pages\/205"}],"collection":[{"href":"http:\/\/www.lemonhr.pl\/en\/wp-json\/wp\/v2\/pages"}],"about":[{"href":"http:\/\/www.lemonhr.pl\/en\/wp-json\/wp\/v2\/types\/page"}],"author":[{"embeddable":true,"href":"http:\/\/www.lemonhr.pl\/en\/wp-json\/wp\/v2\/users\/1"}],"replies":[{"embeddable":true,"href":"http:\/\/www.lemonhr.pl\/en\/wp-json\/wp\/v2\/comments?post=205"}],"version-history":[{"count":63,"href":"http:\/\/www.lemonhr.pl\/en\/wp-json\/wp\/v2\/pages\/205\/revisions"}],"predecessor-version":[{"id":1999,"href":"http:\/\/www.lemonhr.pl\/en\/wp-json\/wp\/v2\/pages\/205\/revisions\/1999"}],"wp:featuredmedia":[{"embeddable":true,"href":"http:\/\/www.lemonhr.pl\/en\/wp-json\/wp\/v2\/media\/580"}],"wp:attachment":[{"href":"http:\/\/www.lemonhr.pl\/en\/wp-json\/wp\/v2\/media?parent=205"}],"curies":[{"name":"wp","href":"https:\/\/api.w.org\/{rel}","templated":true}]}}