{"id":335,"date":"2020-09-25T20:42:35","date_gmt":"2020-09-25T20:42:35","guid":{"rendered":"http:\/\/www.lemonhr.pl\/en\/?page_id=335"},"modified":"2022-02-02T12:33:52","modified_gmt":"2022-02-02T12:33:52","slug":"temporary-work","status":"publish","type":"page","link":"http:\/\/www.lemonhr.pl\/en\/temporary-work\/","title":{"rendered":"TEMPORARY WORK"},"content":{"rendered":"\t\t<div data-elementor-type=\"wp-page\" data-elementor-id=\"335\" class=\"elementor elementor-335\" data-elementor-settings=\"[]\">\n\t\t\t\t\t\t<div class=\"elementor-inner\">\n\t\t\t\t\t\t\t<div class=\"elementor-section-wrap\">\n\t\t\t\t\t\t\t<section class=\"elementor-section elementor-top-section elementor-element elementor-element-3408a020 elementor-section-boxed elementor-section-height-default elementor-section-height-default\" data-id=\"3408a020\" data-element_type=\"section\">\n\t\t\t\t\t\t<div class=\"elementor-container elementor-column-gap-default\">\n\t\t\t\t\t\t\t<div class=\"elementor-row\">\n\t\t\t\t\t<div class=\"elementor-column elementor-col-100 elementor-top-column elementor-element elementor-element-5b4ffa3d\" data-id=\"5b4ffa3d\" data-element_type=\"column\">\n\t\t\t<div class=\"elementor-column-wrap elementor-element-populated\">\n\t\t\t\t\t\t\t<div class=\"elementor-widget-wrap\">\n\t\t\t\t\t\t<section class=\"elementor-section elementor-inner-section elementor-element elementor-element-6fda5e6 elementor-section-boxed elementor-section-height-default elementor-section-height-default\" data-id=\"6fda5e6\" data-element_type=\"section\">\n\t\t\t\t\t\t<div class=\"elementor-container elementor-column-gap-default\">\n\t\t\t\t\t\t\t<div class=\"elementor-row\">\n\t\t\t\t\t<div class=\"elementor-column elementor-col-100 elementor-inner-column elementor-element elementor-element-e585915\" data-id=\"e585915\" data-element_type=\"column\">\n\t\t\t<div class=\"elementor-column-wrap elementor-element-populated\">\n\t\t\t\t\t\t\t<div class=\"elementor-widget-wrap\">\n\t\t\t\t\t\t<div class=\"elementor-element elementor-element-2389554 elementor-hidden-phone elementor-widget elementor-widget-text-editor\" data-id=\"2389554\" data-element_type=\"widget\" data-widget_type=\"text-editor.default\">\n\t\t\t\t<div class=\"elementor-widget-container\">\n\t\t\t\t\t\t\t\t<div class=\"elementor-text-editor elementor-clearfix\">\n\t\t\t\t<p><img loading=\"lazy\" class=\"wp-image-1206 size-vp_sm alignleft\" src=\"http:\/\/www.lemonhr.pl\/en\/wp-content\/uploads\/2020\/11\/Outsourcing-500x260.jpg\" alt=\"\" width=\"500\" height=\"260\" srcset=\"http:\/\/www.lemonhr.pl\/en\/wp-content\/uploads\/2020\/11\/Outsourcing-500x260.jpg 500w, http:\/\/www.lemonhr.pl\/en\/wp-content\/uploads\/2020\/11\/Outsourcing-300x156.jpg 300w, http:\/\/www.lemonhr.pl\/en\/wp-content\/uploads\/2020\/11\/Outsourcing-768x399.jpg 768w, http:\/\/www.lemonhr.pl\/en\/wp-content\/uploads\/2020\/11\/Outsourcing-800x416.jpg 800w, http:\/\/www.lemonhr.pl\/en\/wp-content\/uploads\/2020\/11\/Outsourcing-538x280.jpg 538w, http:\/\/www.lemonhr.pl\/en\/wp-content\/uploads\/2020\/11\/Outsourcing.jpg 1000w\" sizes=\"(max-width: 500px) 100vw, 500px\" \/>We have many years of experience as a job agency, so we are familiar with labour market reality and able to meet our clients\u2019 expectations.<\/p><p>We guarantee an individual approach to each client, skillful adaptation to their needs and changing conditions.<\/p><p><strong>LemonHR provides full service of processes functioning in your company.<\/strong><\/p><p>We offer well-though-out and precisely planned activities improving their quality and efficiency. Our comprehensive recruitment activities let qualified and devoted employees join your workteam.<\/p>\t\t\t\t\t<\/div>\n\t\t\t\t\t\t<\/div>\n\t\t\t\t<\/div>\n\t\t\t\t<div class=\"elementor-element elementor-element-0c588f5 elementor-hidden-desktop elementor-hidden-tablet elementor-widget elementor-widget-text-editor\" data-id=\"0c588f5\" data-element_type=\"widget\" data-widget_type=\"text-editor.default\">\n\t\t\t\t<div class=\"elementor-widget-container\">\n\t\t\t\t\t\t\t\t<div class=\"elementor-text-editor elementor-clearfix\">\n\t\t\t\t<p style=\"text-align: left;\"><img loading=\"lazy\" class=\"wp-image-1206 size-vp_sm alignleft\" src=\"http:\/\/www.lemonhr.pl\/en\/wp-content\/uploads\/2020\/11\/Outsourcing-500x260.jpg\" alt=\"\" width=\"500\" height=\"260\" srcset=\"http:\/\/www.lemonhr.pl\/en\/wp-content\/uploads\/2020\/11\/Outsourcing-500x260.jpg 500w, http:\/\/www.lemonhr.pl\/en\/wp-content\/uploads\/2020\/11\/Outsourcing-300x156.jpg 300w, http:\/\/www.lemonhr.pl\/en\/wp-content\/uploads\/2020\/11\/Outsourcing-768x399.jpg 768w, http:\/\/www.lemonhr.pl\/en\/wp-content\/uploads\/2020\/11\/Outsourcing-800x416.jpg 800w, http:\/\/www.lemonhr.pl\/en\/wp-content\/uploads\/2020\/11\/Outsourcing-538x280.jpg 538w, http:\/\/www.lemonhr.pl\/en\/wp-content\/uploads\/2020\/11\/Outsourcing.jpg 1000w\" sizes=\"(max-width: 500px) 100vw, 500px\" \/><\/p><p>We have many years of experience as a job agency, so we are familiar with labour market reality and able to meet our clients\u2019 expectations.<\/p><p>We guarantee an individual approach to each client, skillful adaptation to their needs and changing conditions.<\/p><p><strong>LemonHR provides full service of processes functioning in your company.<br \/><br \/><\/strong><\/p><p>We offer well-though-out and precisely planned activities improving their quality and efficiency. Our comprehensive recruitment activities let qualified and devoted employees join your workteam.<\/p>\t\t\t\t\t<\/div>\n\t\t\t\t\t\t<\/div>\n\t\t\t\t<\/div>\n\t\t\t\t\t\t<\/div>\n\t\t\t\t\t<\/div>\n\t\t<\/div>\n\t\t\t\t\t\t\t\t<\/div>\n\t\t\t\t\t<\/div>\n\t\t<\/section>\n\t\t\t\t<section class=\"elementor-section elementor-inner-section elementor-element elementor-element-22b97e6 elementor-section-boxed elementor-section-height-default elementor-section-height-default\" data-id=\"22b97e6\" data-element_type=\"section\">\n\t\t\t\t\t\t<div class=\"elementor-container elementor-column-gap-default\">\n\t\t\t\t\t\t\t<div class=\"elementor-row\">\n\t\t\t\t\t<div class=\"elementor-column elementor-col-100 elementor-inner-column elementor-element elementor-element-e9a744c\" data-id=\"e9a744c\" data-element_type=\"column\">\n\t\t\t<div class=\"elementor-column-wrap elementor-element-populated\">\n\t\t\t\t\t\t\t<div class=\"elementor-widget-wrap\">\n\t\t\t\t\t\t<div class=\"elementor-element elementor-element-ae0c7d9 elementor-widget elementor-widget-shortcode\" data-id=\"ae0c7d9\" data-element_type=\"widget\" data-widget_type=\"shortcode.default\">\n\t\t\t\t<div class=\"elementor-widget-container\">\n\t\t\t\t\t<div class=\"elementor-shortcode\"><script src=\"https:\/\/ajax.googleapis.com\/ajax\/libs\/webfont\/1.5.10\/webfont.js\"><\/script><script type=\"text\/javascript\">\r\nWebFont.load({\r\n\tgoogle: {families:[''],\r\n        api: '\/fonts\/api'} \r\n})\r\n<\/script> <style type=\"text\/css\"><\/style><\/div>\n\t\t\t\t<\/div>\n\t\t\t\t<\/div>\n\t\t\t\t<div class=\"elementor-element elementor-element-6acbc71 elementor-widget elementor-widget-heading\" data-id=\"6acbc71\" data-element_type=\"widget\" data-widget_type=\"heading.default\">\n\t\t\t\t<div class=\"elementor-widget-container\">\n\t\t\t<h2 class=\"elementor-heading-title elementor-size-default\">Other services<\/h2>\t\t<\/div>\n\t\t\t\t<\/div>\n\t\t\t\t<div class=\"elementor-element elementor-element-51d6a70 elementor-widget elementor-widget-eael-image-accordion\" data-id=\"51d6a70\" data-element_type=\"widget\" data-widget_type=\"eael-image-accordion.default\">\n\t\t\t\t<div class=\"elementor-widget-container\">\n\t\t\t<div class=\"eael-img-accordion accordion-direction-horizontal eael-img-accordion-horizontal-align-center eael-img-accordion-vertical-align-center\" data-img-accordion-id=\"51d6a70\" data-img-accordion-type=\"on-hover\" id=\"eael-img-accordion-51d6a70\"><a\n                    href=\"http:\/\/www.lemonhr.pl\/en\/recruitment\"  \n                    style=\"background-image: url(http:\/\/www.lemonhr.pl\/en\/wp-content\/uploads\/2020\/11\/shutterstock_540878149-scaled.jpg);\"\n                    \n                >\n\t\t            <div class=\"overlay\">\n\t\t                <div class=\"overlay-inner\">\n                            <div class=\"overlay-inner\">\n                                <h2>A - Z Recruitment process<\/h2>\n                                <p><\/p>\n                            <\/div>\n                        <\/div>\n\t\t            <\/div>\n\t\t          <\/a><a\n                    href=\"http:\/\/www.lemonhr.pl\/en\/employee-development\"  \n                    style=\"background-image: url(http:\/\/www.lemonhr.pl\/en\/wp-content\/uploads\/2020\/09\/shutterstock_1154470882www-scaled-e1603815042697.jpg);\"\n                    \n                >\n\t\t            <div class=\"overlay\">\n\t\t                <div class=\"overlay-inner\">\n                            <div class=\"overlay-inner\">\n                                <h2>Employee development<\/h2>\n                                <p><\/p>\n                            <\/div>\n                        <\/div>\n\t\t            <\/div>\n\t\t          <\/a><\/div><style typr=\"text\/css\">\n                    #eael-img-accordion-51d6a70 a:hover {\n                        flex: 3 1 0% !important;\n                    }\n                    #eael-img-accordion-51d6a70 a:hover .overlay-inner * {\n                        opacity: 1;\n                        visibility: visible;\n                        transform: none;\n                        transition: all .3s .3s;\n                    }\n                <\/style>\t\t<\/div>\n\t\t\t\t<\/div>\n\t\t\t\t\t\t<\/div>\n\t\t\t\t\t<\/div>\n\t\t<\/div>\n\t\t\t\t\t\t\t\t<\/div>\n\t\t\t\t\t<\/div>\n\t\t<\/section>\n\t\t\t\t\t\t<\/div>\n\t\t\t\t\t<\/div>\n\t\t<\/div>\n\t\t\t\t\t\t\t\t<\/div>\n\t\t\t\t\t<\/div>\n\t\t<\/section>\n\t\t\t\t\t\t<\/div>\n\t\t\t\t\t\t<\/div>\n\t\t\t\t\t<\/div>\n\t\t","protected":false},"excerpt":{"rendered":"<p><font color=\"#ffffff\">.<\/font><\/p>\n","protected":false},"author":1,"featured_media":1091,"parent":0,"menu_order":0,"comment_status":"closed","ping_status":"closed","template":"","meta":[],"yoast_head":"<!-- This site is optimized with the Yoast SEO plugin v15.2.1 - https:\/\/yoast.com\/wordpress\/plugins\/seo\/ -->\n<title>TEMPORARY WORK &ndash; LemonHR<\/title>\n<meta name=\"description\" content=\"Posiadamy wieloletnie do\u015bwiadczenie jako agencja pracy, a tym samym znamy realia rynku pracy i jeste\u015bmy w stanie spe\u0142ni\u0107 oczekiwania naszych klient\u00f3w.Gwarantujemy indywidualne podej\u015bcie do ka\u017cdego klienta, umiej\u0119tnie dopasowujemy si\u0119 do potrzeb i potrafimy dostosowa\u0107 si\u0119 do zmieniaj\u0105cych si\u0119 warunk\u00f3w.\" \/>\n<meta name=\"robots\" content=\"index, follow, max-snippet:-1, max-image-preview:large, max-video-preview:-1\" \/>\n<link rel=\"canonical\" href=\"http:\/\/www.lemonhr.pl\/en\/temporary-work\/\" \/>\n<meta property=\"og:locale\" content=\"pl_PL\" \/>\n<meta property=\"og:type\" content=\"article\" \/>\n<meta property=\"og:title\" content=\"TEMPORARY WORK &ndash; LemonHR\" \/>\n<meta property=\"og:description\" content=\"Posiadamy wieloletnie do\u015bwiadczenie jako agencja pracy, a tym samym znamy realia rynku pracy i jeste\u015bmy w stanie spe\u0142ni\u0107 oczekiwania naszych klient\u00f3w.Gwarantujemy indywidualne podej\u015bcie do ka\u017cdego klienta, umiej\u0119tnie dopasowujemy si\u0119 do potrzeb i potrafimy dostosowa\u0107 si\u0119 do zmieniaj\u0105cych si\u0119 warunk\u00f3w.\" \/>\n<meta property=\"og:url\" content=\"http:\/\/www.lemonhr.pl\/en\/temporary-work\/\" \/>\n<meta property=\"og:site_name\" content=\"LemonHR\" \/>\n<meta property=\"article:publisher\" content=\"https:\/\/www.facebook.com\/Lemon-HR-109998404236703\" \/>\n<meta property=\"article:modified_time\" content=\"2022-02-02T12:33:52+00:00\" \/>\n<meta property=\"og:image\" content=\"http:\/\/www.lemonhr.pl\/en\/wp-content\/uploads\/2020\/11\/shutterstock_278031029-scaled-e1606164093775.jpg\" \/>\n\t<meta property=\"og:image:width\" content=\"1200\" \/>\n\t<meta property=\"og:image:height\" content=\"676\" \/>\n<meta name=\"twitter:card\" content=\"summary_large_image\" \/>\n<meta name=\"twitter:label1\" content=\"Written by\">\n\t<meta name=\"twitter:data1\" content=\"admin\">\n\t<meta name=\"twitter:label2\" content=\"Est. reading time\">\n\t<meta name=\"twitter:data2\" content=\"1 minuta\">\n<script type=\"application\/ld+json\" class=\"yoast-schema-graph\">{\"@context\":\"https:\/\/schema.org\",\"@graph\":[{\"@type\":\"Organization\",\"@id\":\"https:\/\/www.lemonhr.pl\/en\/#organization\",\"name\":\"LemonHR\",\"url\":\"https:\/\/www.lemonhr.pl\/en\/\",\"sameAs\":[\"https:\/\/www.facebook.com\/Lemon-HR-109998404236703\",\"https:\/\/www.linkedin.com\/company\/lemonhr\/\"],\"logo\":{\"@type\":\"ImageObject\",\"@id\":\"https:\/\/www.lemonhr.pl\/en\/#logo\",\"inLanguage\":\"pl-PL\",\"url\":\"http:\/\/www.lemonhr.pl\/en\/wp-content\/uploads\/2020\/09\/logotyp_lemonHR.png\",\"width\":339,\"height\":374,\"caption\":\"LemonHR\"},\"image\":{\"@id\":\"https:\/\/www.lemonhr.pl\/en\/#logo\"}},{\"@type\":\"WebSite\",\"@id\":\"https:\/\/www.lemonhr.pl\/en\/#website\",\"url\":\"https:\/\/www.lemonhr.pl\/en\/\",\"name\":\"LemonHR | Rekrutacje | Rozw\\u00f3j pracowniczy | Oferty pracy\",\"description\":\"Lemon Human Recources\",\"publisher\":{\"@id\":\"https:\/\/www.lemonhr.pl\/en\/#organization\"},\"potentialAction\":[{\"@type\":\"SearchAction\",\"target\":\"https:\/\/www.lemonhr.pl\/en\/?s={search_term_string}\",\"query-input\":\"required name=search_term_string\"}],\"inLanguage\":\"pl-PL\"},{\"@type\":\"ImageObject\",\"@id\":\"http:\/\/www.lemonhr.pl\/en\/temporary-work\/#primaryimage\",\"inLanguage\":\"pl-PL\",\"url\":\"http:\/\/www.lemonhr.pl\/en\/wp-content\/uploads\/2020\/11\/shutterstock_278031029-scaled-e1606164093775.jpg\",\"width\":1200,\"height\":676,\"caption\":\"Praca tymczasowa\"},{\"@type\":\"WebPage\",\"@id\":\"http:\/\/www.lemonhr.pl\/en\/temporary-work\/#webpage\",\"url\":\"http:\/\/www.lemonhr.pl\/en\/temporary-work\/\",\"name\":\"TEMPORARY WORK &ndash; LemonHR\",\"isPartOf\":{\"@id\":\"https:\/\/www.lemonhr.pl\/en\/#website\"},\"primaryImageOfPage\":{\"@id\":\"http:\/\/www.lemonhr.pl\/en\/temporary-work\/#primaryimage\"},\"datePublished\":\"2020-09-25T20:42:35+00:00\",\"dateModified\":\"2022-02-02T12:33:52+00:00\",\"description\":\"Posiadamy wieloletnie do\\u015bwiadczenie jako agencja pracy, a tym samym znamy realia rynku pracy i jeste\\u015bmy w stanie spe\\u0142ni\\u0107 oczekiwania naszych klient\\u00f3w.Gwarantujemy indywidualne podej\\u015bcie do ka\\u017cdego klienta, umiej\\u0119tnie dopasowujemy si\\u0119 do potrzeb i potrafimy dostosowa\\u0107 si\\u0119 do zmieniaj\\u0105cych si\\u0119 warunk\\u00f3w.\",\"inLanguage\":\"pl-PL\",\"potentialAction\":[{\"@type\":\"ReadAction\",\"target\":[\"http:\/\/www.lemonhr.pl\/en\/temporary-work\/\"]}]}]}<\/script>\n<!-- \/ Yoast SEO plugin. -->","_links":{"self":[{"href":"http:\/\/www.lemonhr.pl\/en\/wp-json\/wp\/v2\/pages\/335"}],"collection":[{"href":"http:\/\/www.lemonhr.pl\/en\/wp-json\/wp\/v2\/pages"}],"about":[{"href":"http:\/\/www.lemonhr.pl\/en\/wp-json\/wp\/v2\/types\/page"}],"author":[{"embeddable":true,"href":"http:\/\/www.lemonhr.pl\/en\/wp-json\/wp\/v2\/users\/1"}],"replies":[{"embeddable":true,"href":"http:\/\/www.lemonhr.pl\/en\/wp-json\/wp\/v2\/comments?post=335"}],"version-history":[{"count":51,"href":"http:\/\/www.lemonhr.pl\/en\/wp-json\/wp\/v2\/pages\/335\/revisions"}],"predecessor-version":[{"id":2005,"href":"http:\/\/www.lemonhr.pl\/en\/wp-json\/wp\/v2\/pages\/335\/revisions\/2005"}],"wp:featuredmedia":[{"embeddable":true,"href":"http:\/\/www.lemonhr.pl\/en\/wp-json\/wp\/v2\/media\/1091"}],"wp:attachment":[{"href":"http:\/\/www.lemonhr.pl\/en\/wp-json\/wp\/v2\/media?parent=335"}],"curies":[{"name":"wp","href":"https:\/\/api.w.org\/{rel}","templated":true}]}}