{"id":2,"date":"2020-09-17T22:00:17","date_gmt":"2020-09-17T22:00:17","guid":{"rendered":"http:\/\/www.lemonhr.pl\/en\/?page_id=2"},"modified":"2022-02-02T21:50:35","modified_gmt":"2022-02-02T21:50:35","slug":"strona-glowna","status":"publish","type":"page","link":"https:\/\/www.lemonhr.pl\/en\/","title":{"rendered":"Strona g\u0142\u00f3wna"},"content":{"rendered":"<h2>Nasz\u0105 misj\u0105 jest \u0142\u0105czenie ludzi \u2013 pracownik\u00f3w z najlepszymi pracodawcami oraz<br \/>\npracodawc\u00f3w z najlepszymi pracownikami.<\/h2>\n<h3>Zobacz najnowsze oferty<\/h3>\n<p><a href=\"#\" role=\"button\"><br \/>\nKliknij tutaj<br \/>\n<\/a><\/p>\n","protected":false},"excerpt":{"rendered":"<p>Nasz\u0105 misj\u0105 jest \u0142\u0105czenie ludzi \u2013 pracownik\u00f3w z najlepszymi pracodawcami oraz pracodawc\u00f3w z najlepszymi pracownikami. Zobacz najnowsze oferty Kliknij tutaj<\/p>\n","protected":false},"author":1,"featured_media":0,"parent":0,"menu_order":0,"comment_status":"closed","ping_status":"closed","template":"template-frontpage.php","meta":[],"yoast_head":"<!-- This site is optimized with the Yoast SEO plugin v15.2.1 - https:\/\/yoast.com\/wordpress\/plugins\/seo\/ -->\n<title>LemonHR - Rekrutacje | Szkolenia | Executive Search | Headhunting<\/title>\n<meta name=\"description\" content=\"Nasza misa to tworzenie i obsadzania unikalnych miejsc pracy dzi\u0119ki zaanga\u017cowaniu, wiarygodno\u015bci i pasji. Stawiamy na efektywno\u015b\u0107.\" \/>\n<meta name=\"robots\" content=\"index, follow, max-snippet:-1, max-image-preview:large, max-video-preview:-1\" \/>\n<link rel=\"canonical\" href=\"https:\/\/www.lemonhr.pl\/en\/\" \/>\n<meta property=\"og:locale\" content=\"pl_PL\" \/>\n<meta property=\"og:type\" content=\"article\" \/>\n<meta property=\"og:title\" content=\"LemonHR - Rekrutacje | Szkolenia | Executive Search | Headhunting\" \/>\n<meta property=\"og:description\" content=\"Nasza misa to tworzenie i obsadzania unikalnych miejsc pracy dzi\u0119ki zaanga\u017cowaniu, wiarygodno\u015bci i pasji. Stawiamy na efektywno\u015b\u0107.\" \/>\n<meta property=\"og:url\" content=\"https:\/\/www.lemonhr.pl\/en\/\" \/>\n<meta property=\"og:site_name\" content=\"LemonHR\" \/>\n<meta property=\"article:publisher\" content=\"https:\/\/www.facebook.com\/Lemon-HR-109998404236703\" \/>\n<meta property=\"article:modified_time\" content=\"2022-02-02T21:50:35+00:00\" \/>\n<meta name=\"twitter:card\" content=\"summary_large_image\" \/>\n<meta name=\"twitter:label1\" content=\"Written by\">\n\t<meta name=\"twitter:data1\" content=\"admin\">\n\t<meta name=\"twitter:label2\" content=\"Est. reading time\">\n\t<meta name=\"twitter:data2\" content=\"0 minut\">\n<script type=\"application\/ld+json\" class=\"yoast-schema-graph\">{\"@context\":\"https:\/\/schema.org\",\"@graph\":[{\"@type\":\"Organization\",\"@id\":\"https:\/\/www.lemonhr.pl\/en\/#organization\",\"name\":\"LemonHR\",\"url\":\"https:\/\/www.lemonhr.pl\/en\/\",\"sameAs\":[\"https:\/\/www.facebook.com\/Lemon-HR-109998404236703\",\"https:\/\/www.linkedin.com\/company\/lemonhr\/\"],\"logo\":{\"@type\":\"ImageObject\",\"@id\":\"https:\/\/www.lemonhr.pl\/en\/#logo\",\"inLanguage\":\"pl-PL\",\"url\":\"https:\/\/www.lemonhr.pl\/en\/wp-content\/uploads\/2020\/09\/logotyp_lemonHR.png\",\"width\":339,\"height\":374,\"caption\":\"LemonHR\"},\"image\":{\"@id\":\"https:\/\/www.lemonhr.pl\/en\/#logo\"}},{\"@type\":\"WebSite\",\"@id\":\"https:\/\/www.lemonhr.pl\/en\/#website\",\"url\":\"https:\/\/www.lemonhr.pl\/en\/\",\"name\":\"LemonHR | Rekrutacje | Rozw\\u00f3j pracowniczy | Oferty pracy\",\"description\":\"Lemon Human Recources\",\"publisher\":{\"@id\":\"https:\/\/www.lemonhr.pl\/en\/#organization\"},\"potentialAction\":[{\"@type\":\"SearchAction\",\"target\":\"https:\/\/www.lemonhr.pl\/en\/?s={search_term_string}\",\"query-input\":\"required name=search_term_string\"}],\"inLanguage\":\"pl-PL\"},{\"@type\":\"WebPage\",\"@id\":\"https:\/\/www.lemonhr.pl\/en\/#webpage\",\"url\":\"https:\/\/www.lemonhr.pl\/en\/\",\"name\":\"LemonHR - Rekrutacje | Szkolenia | Executive Search | Headhunting\",\"isPartOf\":{\"@id\":\"https:\/\/www.lemonhr.pl\/en\/#website\"},\"datePublished\":\"2020-09-17T22:00:17+00:00\",\"dateModified\":\"2022-02-02T21:50:35+00:00\",\"description\":\"Nasza misa to tworzenie i obsadzania unikalnych miejsc pracy dzi\\u0119ki zaanga\\u017cowaniu, wiarygodno\\u015bci i pasji. Stawiamy na efektywno\\u015b\\u0107.\",\"inLanguage\":\"pl-PL\",\"potentialAction\":[{\"@type\":\"ReadAction\",\"target\":[\"https:\/\/www.lemonhr.pl\/en\/\"]}]}]}<\/script>\n<!-- \/ Yoast SEO plugin. -->","_links":{"self":[{"href":"https:\/\/www.lemonhr.pl\/en\/wp-json\/wp\/v2\/pages\/2"}],"collection":[{"href":"https:\/\/www.lemonhr.pl\/en\/wp-json\/wp\/v2\/pages"}],"about":[{"href":"https:\/\/www.lemonhr.pl\/en\/wp-json\/wp\/v2\/types\/page"}],"author":[{"embeddable":true,"href":"https:\/\/www.lemonhr.pl\/en\/wp-json\/wp\/v2\/users\/1"}],"replies":[{"embeddable":true,"href":"https:\/\/www.lemonhr.pl\/en\/wp-json\/wp\/v2\/comments?post=2"}],"version-history":[{"count":42,"href":"https:\/\/www.lemonhr.pl\/en\/wp-json\/wp\/v2\/pages\/2\/revisions"}],"predecessor-version":[{"id":289,"href":"https:\/\/www.lemonhr.pl\/en\/wp-json\/wp\/v2\/pages\/2\/revisions\/289"}],"wp:attachment":[{"href":"https:\/\/www.lemonhr.pl\/en\/wp-json\/wp\/v2\/media?parent=2"}],"curies":[{"name":"wp","href":"https:\/\/api.w.org\/{rel}","templated":true}]}}